{"id":3925,"date":"2021-11-24T21:57:36","date_gmt":"2021-11-25T02:57:36","guid":{"rendered":"https:\/\/dev.see-net.ca\/application-form\/"},"modified":"2024-07-22T10:04:16","modified_gmt":"2024-07-22T14:04:16","slug":"formulaire-de-demande","status":"publish","type":"page","link":"https:\/\/see-net.ca\/fr\/formulaire-de-demande\/","title":{"rendered":"Formulaire de demande"},"content":{"rendered":"\t\t<div data-elementor-type=\"wp-page\" data-elementor-id=\"3925\" class=\"elementor elementor-3925 elementor-420\" data-elementor-post-type=\"page\">\n\t\t\t\t<div class=\"elementor-element elementor-element-6758175 e-con-full e-flex e-con e-parent\" data-id=\"6758175\" data-element_type=\"container\" data-e-type=\"container\">\n\t\t\t\t<div class=\"elementor-element elementor-element-d5d408f elementor--h-position-left elementor--v-position-middle elementor-arrows-position-inside elementor-pagination-position-inside elementor-widget elementor-widget-slides\" data-id=\"d5d408f\" data-element_type=\"widget\" data-e-type=\"widget\" data-settings=\"{&quot;transition&quot;:&quot;fade&quot;,&quot;transition_speed&quot;:1000,&quot;navigation&quot;:&quot;both&quot;,&quot;autoplay&quot;:&quot;yes&quot;,&quot;autoplay_speed&quot;:5000,&quot;infinite&quot;:&quot;yes&quot;}\" data-widget_type=\"slides.default\">\n\t\t\t\t<div class=\"elementor-widget-container\">\n\t\t\t\t\t\t\t\t\t<div class=\"elementor-swiper\">\n\t\t\t\t\t<div class=\"elementor-slides-wrapper elementor-main-swiper swiper\" role=\"region\" aria-roledescription=\"carousel\" aria-label=\"Diapositives\" dir=\"ltr\" data-animation=\"fadeInUp\">\n\t\t\t\t<div class=\"swiper-wrapper elementor-slides\">\n\t\t\t\t\t\t\t\t\t\t<div class=\"elementor-repeater-item-276862e swiper-slide\" role=\"group\" aria-roledescription=\"slide\"><div class=\"swiper-slide-bg\" role=\"img\" aria-label=\"brooke-cagle-g1Kr4Ozfoac-unsplash\"><\/div><div class=\"elementor-background-overlay\"><\/div><div class=\"swiper-slide-inner\" ><div class=\"swiper-slide-contents\"><div class=\"elementor-slide-heading\">Formulaire de demande<\/div><div class=\"elementor-slide-description\"><p>D\u00e9veloppez votre entreprise sociale gr\u00e2ce \u00e0 des conseils et \u00e0 du soutien.<\/p>\n<\/div><\/div><\/div><\/div>\t\t\t\t<\/div>\n\t\t\t\t\t\t\t<\/div>\n\t\t\t\t<\/div>\n\t\t\t\t\t\t\t\t<\/div>\n\t\t\t\t<\/div>\n\t\t\t\t<\/div>\n\t\t<div class=\"elementor-element elementor-element-ef50ab3 e-flex e-con-boxed e-con e-parent\" data-id=\"ef50ab3\" data-element_type=\"container\" data-e-type=\"container\">\n\t\t\t\t\t<div class=\"e-con-inner\">\n\t\t<div class=\"elementor-element elementor-element-4db9c69 e-con-full e-flex e-con e-child\" data-id=\"4db9c69\" data-element_type=\"container\" data-e-type=\"container\">\n\t\t\t\t<\/div>\n\t\t<div class=\"elementor-element elementor-element-efb79b4 e-con-full e-flex e-con e-child\" data-id=\"efb79b4\" data-element_type=\"container\" data-e-type=\"container\">\n\t\t\t\t<div class=\"elementor-element elementor-element-f2e7dd6 elementor-button-align-start elementor-widget elementor-widget-form\" data-id=\"f2e7dd6\" data-element_type=\"widget\" data-e-type=\"widget\" data-settings=\"{&quot;step_next_label&quot;:&quot;Next&quot;,&quot;step_previous_label&quot;:&quot;Previous&quot;,&quot;button_width&quot;:&quot;100&quot;,&quot;step_type&quot;:&quot;number_text&quot;,&quot;step_icon_shape&quot;:&quot;circle&quot;}\" data-widget_type=\"form.default\">\n\t\t\t\t<div class=\"elementor-widget-container\">\n\t\t\t\t\t\t\t<form class=\"elementor-form\" method=\"post\" name=\"Application Form\" aria-label=\"Application Form\">\n\t\t\t<input type=\"hidden\" name=\"post_id\" value=\"3925\"\/>\n\t\t\t<input type=\"hidden\" name=\"form_id\" value=\"f2e7dd6\"\/>\n\t\t\t<input type=\"hidden\" name=\"referer_title\" value=\"Formulaire de demande - SEEnet\" \/>\n\n\t\t\t\t\t\t\t<input type=\"hidden\" name=\"queried_id\" value=\"3925\"\/>\n\t\t\t\n\t\t\t<div class=\"elementor-form-fields-wrapper elementor-labels-\">\n\t\t\t\t\t\t\t\t<div class=\"elementor-field-type-text\">\n\t\t\t\t\t<input size=\"1\" type=\"text\" name=\"form_fields[field_35a0ae5]\" id=\"form-field-field_35a0ae5\" class=\"elementor-field elementor-size-sm \" style=\"display:none !important;\">\t\t\t\t<\/div>\n\t\t\t\t\t\t\t\t<div class=\"elementor-field-type-recaptcha_v3 elementor-field-group elementor-column elementor-field-group-field_dd69420 elementor-col-100 recaptcha_v3-bottomright\">\n\t\t\t\t\t<div class=\"elementor-field\" id=\"form-field-field_dd69420\"><div class=\"elementor-g-recaptcha\" data-sitekey=\"6Le1784pAAAAABej0zBYCfOmdhCtkJu218aSsmmc\" data-type=\"v3\" data-action=\"Form\" data-badge=\"bottomright\" data-size=\"invisible\"><\/div><\/div>\t\t\t\t<\/div>\n\t\t\t\t\t\t\t\t<div class=\"elementor-field-type-text elementor-field-group elementor-column elementor-field-group-name elementor-col-50 elementor-field-required\">\n\t\t\t\t\t\t\t\t\t\t\t\t<label for=\"form-field-name\" class=\"elementor-field-label elementor-screen-only\">\n\t\t\t\t\t\t\t\tNOM\t\t\t\t\t\t\t<\/label>\n\t\t\t\t\t\t\t\t\t\t\t\t\t\t<input size=\"1\" type=\"text\" name=\"form_fields[name]\" id=\"form-field-name\" class=\"elementor-field elementor-size-sm  elementor-field-textual\" placeholder=\"NOM\" required=\"required\">\n\t\t\t\t\t\t\t\t\t\t\t<\/div>\n\t\t\t\t\t\t\t\t<div class=\"elementor-field-type-email elementor-field-group elementor-column elementor-field-group-email elementor-col-50 elementor-field-required\">\n\t\t\t\t\t\t\t\t\t\t\t\t<label for=\"form-field-email\" class=\"elementor-field-label elementor-screen-only\">\n\t\t\t\t\t\t\t\tCOURRIEL\t\t\t\t\t\t\t<\/label>\n\t\t\t\t\t\t\t\t\t\t\t\t\t\t<input size=\"1\" type=\"email\" name=\"form_fields[email]\" id=\"form-field-email\" class=\"elementor-field elementor-size-sm  elementor-field-textual\" placeholder=\"COURRIEL\" required=\"required\">\n\t\t\t\t\t\t\t\t\t\t\t<\/div>\n\t\t\t\t\t\t\t\t<div class=\"elementor-field-type-tel elementor-field-group elementor-column elementor-field-group-field_43ed4cc elementor-col-50 elementor-field-required\">\n\t\t\t\t\t\t\t\t\t\t\t\t<label for=\"form-field-field_43ed4cc\" class=\"elementor-field-label elementor-screen-only\">\n\t\t\t\t\t\t\t\tT\u00c9L\u00c9PHONE\t\t\t\t\t\t\t<\/label>\n\t\t\t\t\t\t\t\t<input size=\"1\" type=\"tel\" name=\"form_fields[field_43ed4cc]\" id=\"form-field-field_43ed4cc\" class=\"elementor-field elementor-size-sm  elementor-field-textual\" placeholder=\"T\u00c9L\u00c9PHONE\" required=\"required\" pattern=\"[0-9()#&amp;+*-=.]+\" title=\"Seuls les caract\u00e8res de num\u00e9ros de t\u00e9l\u00e9phone (#, -, *, etc.) sont accept\u00e9s.\">\n\n\t\t\t\t\t\t<\/div>\n\t\t\t\t\t\t\t\t<div class=\"elementor-field-type-text elementor-field-group elementor-column elementor-field-group-field_6086eea elementor-col-50\">\n\t\t\t\t\t\t\t\t\t\t\t\t<label for=\"form-field-field_6086eea\" class=\"elementor-field-label elementor-screen-only\">\n\t\t\t\t\t\t\t\tR\u00c9GION OP\u00c9RATIONNELLE\t\t\t\t\t\t\t<\/label>\n\t\t\t\t\t\t\t\t\t\t\t\t\t\t<input size=\"1\" type=\"text\" name=\"form_fields[field_6086eea]\" id=\"form-field-field_6086eea\" class=\"elementor-field elementor-size-sm  elementor-field-textual\" placeholder=\"R\u00c9GION OP\u00c9RATIONNELLE\">\n\t\t\t\t\t\t\t\t\t\t\t<\/div>\n\t\t\t\t\t\t\t\t<div class=\"elementor-field-type-radio elementor-field-group elementor-column elementor-field-group-project_idea elementor-col-100 elementor-field-required\">\n\t\t\t\t\t\t\t\t\t\t\t\t<label for=\"form-field-project_idea\" class=\"elementor-field-label elementor-screen-only\">\n\t\t\t\t\t\t\t\tAVEZ-VOUS UNE ID\u00c9E DE PROJET ? <br><br>\t\t\t\t\t\t\t<\/label>\n\t\t\t\t\t\t<div class=\"elementor-field-subgroup  elementor-subgroup-inline\"><span class=\"elementor-field-option\"><input type=\"radio\" value=\"OUI\" id=\"form-field-project_idea-0\" name=\"form_fields[project_idea]\" required=\"required\"> <label for=\"form-field-project_idea-0\">OUI<\/label><\/span><span class=\"elementor-field-option\"><input type=\"radio\" value=\"OUI, MAIS IL FAUT LA D\u00c9VELOPPER\" id=\"form-field-project_idea-1\" name=\"form_fields[project_idea]\" required=\"required\"> <label for=\"form-field-project_idea-1\">OUI, MAIS IL FAUT LA D\u00c9VELOPPER<\/label><\/span><span class=\"elementor-field-option\"><input type=\"radio\" value=\"NON, MAIS J&#039;AIMERAIS EN PARLER\" id=\"form-field-project_idea-2\" name=\"form_fields[project_idea]\" required=\"required\"> <label for=\"form-field-project_idea-2\">NON, MAIS J'AIMERAIS EN PARLER<\/label><\/span><\/div>\t\t\t\t<\/div>\n\t\t\t\t\t\t\t\t<div class=\"elementor-field-type-textarea elementor-field-group elementor-column elementor-field-group-field_99cf097 elementor-col-100\">\n\t\t\t\t\t\t\t\t\t\t\t\t<label for=\"form-field-field_99cf097\" class=\"elementor-field-label elementor-screen-only\">\n\t\t\t\t\t\t\t\tSI OUI, DANS QUEL SECTEUR D'ACTIVIT\u00c9 S'INSCRIT VOTRE ID\u00c9E OU VOTRE PROJET ?\t\t\t\t\t\t\t<\/label>\n\t\t\t\t\t\t<textarea class=\"elementor-field-textual elementor-field  elementor-size-sm\" name=\"form_fields[field_99cf097]\" id=\"form-field-field_99cf097\" rows=\"4\" placeholder=\"SI OUI, DANS QUEL SECTEUR D&#039;ACTIVIT\u00c9 S&#039;INSCRIT VOTRE ID\u00c9E OU VOTRE PROJET ?\"><\/textarea>\t\t\t\t<\/div>\n\t\t\t\t\t\t\t\t<div class=\"elementor-field-type-textarea elementor-field-group elementor-column elementor-field-group-field_dc6bc11 elementor-col-100\">\n\t\t\t\t\t\t\t\t\t\t\t\t<label for=\"form-field-field_dc6bc11\" class=\"elementor-field-label elementor-screen-only\">\n\t\t\t\t\t\t\t\tSI OUI, VEUILLEZ D\u00c9CRIRE BRI\u00c8VEMENT VOTRE PROJET OU VOTRE ID\u00c9E.\t\t\t\t\t\t\t<\/label>\n\t\t\t\t\t\t<textarea class=\"elementor-field-textual elementor-field  elementor-size-sm\" name=\"form_fields[field_dc6bc11]\" id=\"form-field-field_dc6bc11\" rows=\"4\" placeholder=\"SI OUI, VEUILLEZ D\u00c9CRIRE BRI\u00c8VEMENT VOTRE PROJET OU VOTRE ID\u00c9E.\"><\/textarea>\t\t\t\t<\/div>\n\t\t\t\t\t\t\t\t<div class=\"elementor-field-type-textarea elementor-field-group elementor-column elementor-field-group-field_e6a700d elementor-col-100\">\n\t\t\t\t\t\t\t\t\t\t\t\t<label for=\"form-field-field_e6a700d\" class=\"elementor-field-label elementor-screen-only\">\n\t\t\t\t\t\t\t\tSI OUI, DE QUELLES RESSOURCES, CONNAISSANCES OU OUTILS AVEZ-VOUS BESOIN ?\t\t\t\t\t\t\t<\/label>\n\t\t\t\t\t\t<textarea class=\"elementor-field-textual elementor-field  elementor-size-sm\" name=\"form_fields[field_e6a700d]\" id=\"form-field-field_e6a700d\" rows=\"4\" placeholder=\"SI OUI, DE QUELLES RESSOURCES, CONNAISSANCES OU OUTILS AVEZ-VOUS BESOIN ?\"><\/textarea>\t\t\t\t<\/div>\n\t\t\t\t\t\t\t\t<div class=\"elementor-field-type-textarea elementor-field-group elementor-column elementor-field-group-field_a8ed14b elementor-col-100\">\n\t\t\t\t\t\t\t\t\t\t\t\t<label for=\"form-field-field_a8ed14b\" class=\"elementor-field-label elementor-screen-only\">\n\t\t\t\t\t\t\t\tSINON, QUEL TYPE DE PROJET VOUS INT\u00c9RESSE ?\t\t\t\t\t\t\t<\/label>\n\t\t\t\t\t\t<textarea class=\"elementor-field-textual elementor-field  elementor-size-sm\" name=\"form_fields[field_a8ed14b]\" id=\"form-field-field_a8ed14b\" rows=\"4\" placeholder=\"SINON, QUEL TYPE DE PROJET VOUS INT\u00c9RESSE ?\"><\/textarea>\t\t\t\t<\/div>\n\t\t\t\t\t\t\t\t<div class=\"elementor-field-type-textarea elementor-field-group elementor-column elementor-field-group-field_5fc7420 elementor-col-100\">\n\t\t\t\t\t\t\t\t\t\t\t\t<label for=\"form-field-field_5fc7420\" class=\"elementor-field-label elementor-screen-only\">\n\t\t\t\t\t\t\t\tSINON, DE QUELLES RESSOURCES, CONNAISSANCES OU OUTILS AVEZ-VOUS BESOIN ?\t\t\t\t\t\t\t<\/label>\n\t\t\t\t\t\t<textarea class=\"elementor-field-textual elementor-field  elementor-size-sm\" name=\"form_fields[field_5fc7420]\" id=\"form-field-field_5fc7420\" rows=\"4\" placeholder=\"SINON, DE QUELLES RESSOURCES, CONNAISSANCES OU OUTILS AVEZ-VOUS BESOIN ?\"><\/textarea>\t\t\t\t<\/div>\n\t\t\t\t\t\t\t\t<div class=\"elementor-field-group elementor-column elementor-field-type-submit elementor-col-100 e-form__buttons\">\n\t\t\t\t\t<button class=\"elementor-button elementor-size-sm\" type=\"submit\">\n\t\t\t\t\t\t<span class=\"elementor-button-content-wrapper\">\n\t\t\t\t\t\t\t\t\t\t\t\t\t\t\t\t\t\t\t\t\t\t<span class=\"elementor-button-text\">SOUMETTRE<\/span>\n\t\t\t\t\t\t\t\t\t\t\t\t\t<\/span>\n\t\t\t\t\t<\/button>\n\t\t\t\t<\/div>\n\t\t\t<\/div>\n\t\t<\/form>\n\t\t\t\t\t\t<\/div>\n\t\t\t\t<\/div>\n\t\t\t\t<\/div>\n\t\t<div class=\"elementor-element elementor-element-a68fe25 e-con-full e-flex e-con e-child\" data-id=\"a68fe25\" data-element_type=\"container\" data-e-type=\"container\">\n\t\t\t\t<\/div>\n\t\t\t\t\t<\/div>\n\t\t\t\t<\/div>\n\t\t\t\t<\/div>\n\t\t","protected":false},"excerpt":{"rendered":"<p>Formulaire de demande D\u00e9veloppez votre entreprise sociale gr\u00e2ce \u00e0 des conseils et \u00e0 du soutien.<\/p>\n","protected":false},"author":1,"featured_media":3424,"parent":0,"menu_order":0,"comment_status":"closed","ping_status":"closed","template":"","meta":{"_monsterinsights_skip_tracking":false,"_monsterinsights_sitenote_active":false,"_monsterinsights_sitenote_note":"","_monsterinsights_sitenote_category":0,"episode_type":"","audio_file":"","podmotor_file_id":"","podmotor_episode_id":"","cover_image":"","cover_image_id":"","duration":"","filesize":"","filesize_raw":"","date_recorded":"","explicit":"","block":"","itunes_episode_number":"","itunes_title":"","itunes_season_number":"","itunes_episode_type":"","footnotes":""},"class_list":["post-3925","page","type-page","status-publish","has-post-thumbnail","hentry"],"_links":{"self":[{"href":"https:\/\/see-net.ca\/fr\/wp-json\/wp\/v2\/pages\/3925","targetHints":{"allow":["GET"]}}],"collection":[{"href":"https:\/\/see-net.ca\/fr\/wp-json\/wp\/v2\/pages"}],"about":[{"href":"https:\/\/see-net.ca\/fr\/wp-json\/wp\/v2\/types\/page"}],"author":[{"embeddable":true,"href":"https:\/\/see-net.ca\/fr\/wp-json\/wp\/v2\/users\/1"}],"replies":[{"embeddable":true,"href":"https:\/\/see-net.ca\/fr\/wp-json\/wp\/v2\/comments?post=3925"}],"version-history":[{"count":15,"href":"https:\/\/see-net.ca\/fr\/wp-json\/wp\/v2\/pages\/3925\/revisions"}],"predecessor-version":[{"id":6280,"href":"https:\/\/see-net.ca\/fr\/wp-json\/wp\/v2\/pages\/3925\/revisions\/6280"}],"wp:featuredmedia":[{"embeddable":true,"href":"https:\/\/see-net.ca\/fr\/wp-json\/wp\/v2\/media\/3424"}],"wp:attachment":[{"href":"https:\/\/see-net.ca\/fr\/wp-json\/wp\/v2\/media?parent=3925"}],"curies":[{"name":"wp","href":"https:\/\/api.w.org\/{rel}","templated":true}]}}