{"id":3951,"date":"2023-04-24T13:14:28","date_gmt":"2023-04-24T17:14:28","guid":{"rendered":"https:\/\/dev.see-net.ca\/nous-joindre\/"},"modified":"2024-08-07T11:59:06","modified_gmt":"2024-08-07T15:59:06","slug":"nous-joindre","status":"publish","type":"page","link":"https:\/\/see-net.ca\/fr\/nous-joindre\/","title":{"rendered":"Nous joindre"},"content":{"rendered":"\t\t<div data-elementor-type=\"wp-page\" data-elementor-id=\"3951\" class=\"elementor elementor-3951 elementor-2226\" data-elementor-post-type=\"page\">\n\t\t\t\t<div class=\"elementor-element elementor-element-5e541cb e-con-full e-flex e-con e-parent\" data-id=\"5e541cb\" data-element_type=\"container\" data-e-type=\"container\">\n\t\t\t\t<div class=\"elementor-element elementor-element-7ab4e08 elementor--h-position-left elementor--v-position-middle elementor-arrows-position-inside elementor-pagination-position-inside elementor-widget elementor-widget-slides\" data-id=\"7ab4e08\" data-element_type=\"widget\" data-e-type=\"widget\" data-settings=\"{&quot;transition&quot;:&quot;fade&quot;,&quot;transition_speed&quot;:1000,&quot;navigation&quot;:&quot;both&quot;,&quot;autoplay&quot;:&quot;yes&quot;,&quot;autoplay_speed&quot;:5000,&quot;infinite&quot;:&quot;yes&quot;}\" data-widget_type=\"slides.default\">\n\t\t\t\t<div class=\"elementor-widget-container\">\n\t\t\t\t\t\t\t\t\t<div class=\"elementor-swiper\">\n\t\t\t\t\t<div class=\"elementor-slides-wrapper elementor-main-swiper swiper\" role=\"region\" aria-roledescription=\"carousel\" aria-label=\"Diapositives\" dir=\"ltr\" data-animation=\"fadeInUp\">\n\t\t\t\t<div class=\"swiper-wrapper elementor-slides\">\n\t\t\t\t\t\t\t\t\t\t<div class=\"elementor-repeater-item-276862e swiper-slide\" role=\"group\" aria-roledescription=\"slide\"><div class=\"swiper-slide-bg\" role=\"img\" aria-label=\"pexels-ian-15638996@2x\"><\/div><div class=\"elementor-background-overlay\"><\/div><div class=\"swiper-slide-inner\" ><div class=\"swiper-slide-contents\"><div class=\"elementor-slide-heading\">Joignez-vous \u00e0 SEEnet<\/div><div class=\"elementor-slide-description\"><p>SEEnet habilite les communaut\u00e9s d\u2019expression anglaise du Qu\u00e9bec \u00e0 s\u2019appuyer sur leur vitalit\u00e9 et leur cr\u00e9ativit\u00e9. En travaillant avec des talents et sp\u00e9cialistes locaux, nous favorisons l\u2019\u00e9panouissement des communaut\u00e9s. SEEnet offre des services et des programmes permettant d\u2019atteindre ces objectifs \u00e9conomiques, sociaux et environnementaux au sein des communaut\u00e9s d\u2019expression anglaise du Qu\u00e9bec. Joignez-vous \u00e0 nous pour discuter de vos objectifs et projets d'entreprise d\u2019\u00e9conomie sociale.<\/p>\n<\/div><\/div><\/div><\/div>\t\t\t\t<\/div>\n\t\t\t\t\t\t\t<\/div>\n\t\t\t\t<\/div>\n\t\t\t\t\t\t\t\t<\/div>\n\t\t\t\t<\/div>\n\t\t\t\t<\/div>\n\t\t<div class=\"elementor-element elementor-element-9656714 e-flex e-con-boxed e-con e-parent\" data-id=\"9656714\" data-element_type=\"container\" data-e-type=\"container\">\n\t\t\t\t\t<div class=\"e-con-inner\">\n\t\t<div class=\"elementor-element elementor-element-2bd7718 e-con-full e-flex e-con e-child\" data-id=\"2bd7718\" data-element_type=\"container\" data-e-type=\"container\">\n\t\t\t\t<div class=\"elementor-element elementor-element-5dd969d elementor-widget elementor-widget-heading\" data-id=\"5dd969d\" data-element_type=\"widget\" data-e-type=\"widget\" data-widget_type=\"heading.default\">\n\t\t\t\t<div class=\"elementor-widget-container\">\n\t\t\t\t\t<h2 class=\"elementor-heading-title elementor-size-default\">COMMUNIQUEZ AVEC NOUS<\/h2>\t\t\t\t<\/div>\n\t\t\t\t<\/div>\n\t\t\t\t<div class=\"elementor-element elementor-element-a37ca80 elementor-widget elementor-widget-text-editor\" data-id=\"a37ca80\" data-element_type=\"widget\" data-e-type=\"widget\" data-widget_type=\"text-editor.default\">\n\t\t\t\t<div class=\"elementor-widget-container\">\n\t\t\t\t\t\t\t\t\t<p><strong>SEEnet<\/strong><\/p>\n<p>1135, Grande All\u00e9e Ouest<\/p>\n<p>Bureau 180<\/p>\n<p>Qu\u00e9bec, QC G1S 1E7<\/p>\n<p>T\u00e9l\u00e9phone : <a href=\"tel:14186848810\">+1 418-684-8810<\/a><\/p>\n<p>Courriel : <a href=\"mailto:seenet@regdevnet.ca\" target=\"_blank\" rel=\"noopener\">seenet@regdevnet.ca<\/a><\/p>\n\t\t\t\t\t\t\t\t<\/div>\n\t\t\t\t<\/div>\n\t\t\t\t<\/div>\n\t\t<div class=\"elementor-element elementor-element-6618ebc e-con-full e-flex e-con e-child\" data-id=\"6618ebc\" data-element_type=\"container\" data-e-type=\"container\">\n\t\t\t\t<div class=\"elementor-element elementor-element-a7e1bef elementor-button-align-stretch elementor-widget elementor-widget-form\" data-id=\"a7e1bef\" data-element_type=\"widget\" data-e-type=\"widget\" data-settings=\"{&quot;button_width&quot;:&quot;25&quot;,&quot;step_next_label&quot;:&quot;Prochain&quot;,&quot;step_previous_label&quot;:&quot;Pr\\u00e9c\\u00e9dent&quot;,&quot;step_type&quot;:&quot;number_text&quot;,&quot;step_icon_shape&quot;:&quot;circle&quot;}\" data-widget_type=\"form.default\">\n\t\t\t\t<div class=\"elementor-widget-container\">\n\t\t\t\t\t\t\t<form class=\"elementor-form\" method=\"post\" name=\"Communiquez avec nous\" aria-label=\"Communiquez avec nous\">\n\t\t\t<input type=\"hidden\" name=\"post_id\" value=\"3951\"\/>\n\t\t\t<input type=\"hidden\" name=\"form_id\" value=\"a7e1bef\"\/>\n\t\t\t<input type=\"hidden\" name=\"referer_title\" value=\"Nous joindre - SEEnet\" \/>\n\n\t\t\t\t\t\t\t<input type=\"hidden\" name=\"queried_id\" value=\"3951\"\/>\n\t\t\t\n\t\t\t<div class=\"elementor-form-fields-wrapper elementor-labels-\">\n\t\t\t\t\t\t\t\t<div class=\"elementor-field-type-text elementor-field-group elementor-column elementor-field-group-name elementor-col-100 elementor-field-required\">\n\t\t\t\t\t\t\t\t\t\t\t\t<label for=\"form-field-name\" class=\"elementor-field-label elementor-screen-only\">\n\t\t\t\t\t\t\t\tNOM\t\t\t\t\t\t\t<\/label>\n\t\t\t\t\t\t\t\t\t\t\t\t\t\t<input size=\"1\" type=\"text\" name=\"form_fields[name]\" id=\"form-field-name\" class=\"elementor-field elementor-size-sm  elementor-field-textual\" placeholder=\"NOM\" required=\"required\">\n\t\t\t\t\t\t\t\t\t\t\t<\/div>\n\t\t\t\t\t\t\t\t<div class=\"elementor-field-type-tel elementor-field-group elementor-column elementor-field-group-field_84830e9 elementor-col-100\">\n\t\t\t\t\t\t\t\t\t\t\t\t<label for=\"form-field-field_84830e9\" class=\"elementor-field-label elementor-screen-only\">\n\t\t\t\t\t\t\t\tT\u00c9L\u00c9PHONE\t\t\t\t\t\t\t<\/label>\n\t\t\t\t\t\t\t\t<input size=\"1\" type=\"tel\" name=\"form_fields[field_84830e9]\" id=\"form-field-field_84830e9\" class=\"elementor-field elementor-size-sm  elementor-field-textual\" placeholder=\"T\u00c9L\u00c9PHONE\" pattern=\"[0-9()#&amp;+*-=.]+\" title=\"Seuls les caract\u00e8res de num\u00e9ros de t\u00e9l\u00e9phone (#, -, *, etc.) sont accept\u00e9s.\">\n\n\t\t\t\t\t\t<\/div>\n\t\t\t\t\t\t\t\t<div class=\"elementor-field-type-email elementor-field-group elementor-column elementor-field-group-email elementor-col-100 elementor-field-required\">\n\t\t\t\t\t\t\t\t\t\t\t\t<label for=\"form-field-email\" class=\"elementor-field-label elementor-screen-only\">\n\t\t\t\t\t\t\t\tCourriel\t\t\t\t\t\t\t<\/label>\n\t\t\t\t\t\t\t\t\t\t\t\t\t\t<input size=\"1\" type=\"email\" name=\"form_fields[email]\" id=\"form-field-email\" class=\"elementor-field elementor-size-sm  elementor-field-textual\" placeholder=\"Courriel\" required=\"required\">\n\t\t\t\t\t\t\t\t\t\t\t<\/div>\n\t\t\t\t\t\t\t\t<div class=\"elementor-field-type-textarea elementor-field-group elementor-column elementor-field-group-message elementor-col-100\">\n\t\t\t\t\t\t\t\t\t\t\t\t<label for=\"form-field-message\" class=\"elementor-field-label elementor-screen-only\">\n\t\t\t\t\t\t\t\tMessage\t\t\t\t\t\t\t<\/label>\n\t\t\t\t\t\t<textarea class=\"elementor-field-textual elementor-field  elementor-size-sm\" name=\"form_fields[message]\" id=\"form-field-message\" rows=\"13\" placeholder=\"\u00c9crivez votre message...\"><\/textarea>\t\t\t\t<\/div>\n\t\t\t\t\t\t\t\t<div class=\"elementor-field-type-text\">\n\t\t\t\t\t<input size=\"1\" type=\"text\" name=\"form_fields[field_1f593ee]\" id=\"form-field-field_1f593ee\" class=\"elementor-field elementor-size-sm \" style=\"display:none !important;\">\t\t\t\t<\/div>\n\t\t\t\t\t\t\t\t<div class=\"elementor-field-type-recaptcha_v3 elementor-field-group elementor-column elementor-field-group-field_27586fb elementor-col-100 recaptcha_v3-bottomright\">\n\t\t\t\t\t<div class=\"elementor-field\" id=\"form-field-field_27586fb\"><div class=\"elementor-g-recaptcha\" data-sitekey=\"6Le1784pAAAAABej0zBYCfOmdhCtkJu218aSsmmc\" data-type=\"v3\" data-action=\"Form\" data-badge=\"bottomright\" data-size=\"invisible\"><\/div><\/div>\t\t\t\t<\/div>\n\t\t\t\t\t\t\t\t<div class=\"elementor-field-group elementor-column elementor-field-type-submit elementor-col-25 e-form__buttons\">\n\t\t\t\t\t<button class=\"elementor-button elementor-size-sm\" type=\"submit\">\n\t\t\t\t\t\t<span class=\"elementor-button-content-wrapper\">\n\t\t\t\t\t\t\t\t\t\t\t\t\t\t\t\t\t\t\t\t\t\t<span class=\"elementor-button-text\">ENVOYER<\/span>\n\t\t\t\t\t\t\t\t\t\t\t\t\t<\/span>\n\t\t\t\t\t<\/button>\n\t\t\t\t<\/div>\n\t\t\t<\/div>\n\t\t<\/form>\n\t\t\t\t\t\t<\/div>\n\t\t\t\t<\/div>\n\t\t\t\t<\/div>\n\t\t\t\t\t<\/div>\n\t\t\t\t<\/div>\n\t\t<div class=\"elementor-element elementor-element-cf2a830 e-flex e-con-boxed e-con e-parent\" data-id=\"cf2a830\" data-element_type=\"container\" data-e-type=\"container\" data-settings=\"{&quot;background_background&quot;:&quot;classic&quot;}\">\n\t\t\t\t\t<div class=\"e-con-inner\">\n\t\t\t\t<div class=\"elementor-element elementor-element-5508b6a elementor-widget__width-initial elementor-view-default elementor-position-block-start elementor-mobile-position-block-start elementor-widget elementor-widget-icon-box\" data-id=\"5508b6a\" data-element_type=\"widget\" data-e-type=\"widget\" data-widget_type=\"icon-box.default\">\n\t\t\t\t<div class=\"elementor-widget-container\">\n\t\t\t\t\t\t\t<div class=\"elementor-icon-box-wrapper\">\n\n\t\t\t\t\t\t<div class=\"elementor-icon-box-icon\">\n\t\t\t\t<span  class=\"elementor-icon\">\n\t\t\t\t<svg xmlns=\"http:\/\/www.w3.org\/2000\/svg\" xmlns:xlink=\"http:\/\/www.w3.org\/1999\/xlink\" id=\"Group_180\" data-name=\"Group 180\" width=\"77.839\" height=\"77.854\" viewBox=\"0 0 77.839 77.854\"><defs><clipPath id=\"clip-path\"><rect id=\"Rectangle_1099\" data-name=\"Rectangle 1099\" width=\"77.839\" height=\"77.854\" fill=\"#d5d5d5\"><\/rect><\/clipPath><\/defs><g id=\"Group_179\" data-name=\"Group 179\" clip-path=\"url(#clip-path)\"><path id=\"Path_111\" data-name=\"Path 111\" d=\"M86.817,77.854c-.365-.085-.731-.165-1.094-.256a11.432,11.432,0,0,1-8.813-8.779,1.282,1.282,0,0,0-.595-.759,6.838,6.838,0,0,1-4.244-6.539c-.04-1.975.053-3.96-.112-5.925a17.841,17.841,0,0,0-4.57-10.3A27.354,27.354,0,1,1,111.77,13.768a26.345,26.345,0,0,1,3.369,17.115,27,27,0,0,1-6.263,14.171,18.2,18.2,0,0,0-4.011,6.991,33.584,33.584,0,0,0-.842,5.3c-.132,1.381-.006,2.785-.031,4.179a6.818,6.818,0,0,1-4.243,6.536,1.192,1.192,0,0,0-.581.686c-1.331,5.03-4.487,8.081-9.648,8.992a1.262,1.262,0,0,0-.272.117Zm12.676-23c.272-1.217.492-2.409.808-3.574a26.594,26.594,0,0,1,5.443-9.639,22.087,22.087,0,0,0,4.771-17.93,21.7,21.7,0,0,0-6.348-12.431A22.1,22.1,0,0,0,85.626,4.726c-8.606.926-14.93,5.433-18.378,13.325-3.8,8.7-2.447,16.934,3.621,24.285a24.058,24.058,0,0,1,4.891,8.911c.328,1.184.546,2.4.816,3.611ZM99.435,59.5H76.63c0,.7-.006,1.355,0,2.009a2.305,2.305,0,0,0,2.509,2.5c2,.011,4,0,6,0,3.949,0,7.9.008,11.846,0A2.286,2.286,0,0,0,99.433,61.6c.014-.681,0-1.361,0-2.1m-5.08,9.131H81.661a6.889,6.889,0,0,0,6.676,4.642c2.767-.169,5.48-2.264,6.018-4.642\" transform=\"translate(-49.116 0)\" fill=\"#d5d5d5\"><\/path><path id=\"Path_112\" data-name=\"Path 112\" d=\"M370.042,146.5a2.819,2.819,0,0,1-3.058,1.688c-1.209-.075-2.427,0-3.64-.019a2.282,2.282,0,1,1,0-4.555c1.214-.014,2.432.061,3.64-.02a2.809,2.809,0,0,1,3.056,1.689Z\" transform=\"translate(-292.203 -116.246)\" fill=\"#d5d5d5\"><\/path><path id=\"Path_113\" data-name=\"Path 113\" d=\"M8.721,71.191a5.14,5.14,0,0,1-1.313-.7c-1.107-1-2.152-2.072-3.184-3.152a2.275,2.275,0,1,1,3.218-3.213q1.641,1.58,3.214,3.23a2.13,2.13,0,0,1,.413,2.465,2.376,2.376,0,0,1-2.348,1.372\" transform=\"translate(-2.836 -51.327)\" fill=\"#d5d5d5\"><\/path><path id=\"Path_114\" data-name=\"Path 114\" d=\"M369.628,63.345a2.346,2.346,0,0,1,2.2,1.211,1.984,1.984,0,0,1-.151,2.357,52.805,52.805,0,0,1-3.811,3.8,2.237,2.237,0,0,1-3.1-3.14c1.2-1.334,2.5-2.579,3.81-3.806a2.779,2.779,0,0,1,1.047-.426\" transform=\"translate(-294.947 -51.284)\" fill=\"#d5d5d5\"><\/path><path id=\"Path_115\" data-name=\"Path 115\" d=\"M11.287,209.708a5.474,5.474,0,0,1-.731,1.316c-1.005,1.1-2.078,2.147-3.16,3.177a2.267,2.267,0,1,1-3.249-3.162c1.058-1.124,2.159-2.21,3.274-3.278a2.148,2.148,0,0,1,2.529-.417,2.4,2.4,0,0,1,1.336,2.364\" transform=\"translate(-2.826 -167.673)\" fill=\"#d5d5d5\"><\/path><path id=\"Path_116\" data-name=\"Path 116\" d=\"M372.157,212.372a2.357,2.357,0,0,1-1.28,2.264,2.014,2.014,0,0,1-2.353-.227c-1.266-1.163-2.5-2.374-3.65-3.647a2.244,2.244,0,0,1,3.176-3.135c1.247,1.146,2.436,2.36,3.587,3.6a3.44,3.44,0,0,1,.519,1.141\" transform=\"translate(-294.98 -167.663)\" fill=\"#d5d5d5\"><\/path><path id=\"Path_117\" data-name=\"Path 117\" d=\"M4.552,143.717c.76,0,1.521-.019,2.28,0a2.272,2.272,0,1,1,.007,4.545q-2.279.048-4.561,0a2.272,2.272,0,1,1-.007-4.545c.759-.024,1.52,0,2.28,0\" transform=\"translate(0 -116.347)\" fill=\"#d5d5d5\"><\/path><path id=\"Path_118\" data-name=\"Path 118\" d=\"M195.4,47.912a18.3,18.3,0,0,1,17.178,14.617,22.353,22.353,0,0,1,.356,3.319,2.283,2.283,0,1,1-4.543.154,13.567,13.567,0,0,0-5.736-10.961,13.254,13.254,0,0,0-7.2-2.546c-.329-.02-.661-.008-.986-.047a2.274,2.274,0,0,1,.171-4.534c.253-.011.506,0,.76,0\" transform=\"translate(-155.792 -38.786)\" fill=\"#d5d5d5\"><\/path><\/g><\/svg>\t\t\t\t<\/span>\n\t\t\t<\/div>\n\t\t\t\n\t\t\t\t\t\t<div class=\"elementor-icon-box-content\">\n\n\t\t\t\t\t\t\t\t\t<h3 class=\"elementor-icon-box-title\">\n\t\t\t\t\t\t<span  >\n\t\t\t\t\t\t\tVOUS AVEZ UNE ID\u00c9E DE PROJET D\u2019\u00c9CONOMIE SOCIALE?\t\t\t\t\t\t<\/span>\n\t\t\t\t\t<\/h3>\n\t\t\t\t\n\t\t\t\t\t\t\t\t\t<p class=\"elementor-icon-box-description\">\n\t\t\t\t\t\tRencontrez un membre de notre \u00e9quipe experte afin de l\u2019explorer.\t\t\t\t\t<\/p>\n\t\t\t\t\n\t\t\t<\/div>\n\t\t\t\n\t\t<\/div>\n\t\t\t\t\t\t<\/div>\n\t\t\t\t<\/div>\n\t\t\t\t<div class=\"elementor-element elementor-element-668df92 elementor-align-center elementor-widget elementor-widget-button\" data-id=\"668df92\" data-element_type=\"widget\" data-e-type=\"widget\" data-widget_type=\"button.default\">\n\t\t\t\t<div class=\"elementor-widget-container\">\n\t\t\t\t\t\t\t\t\t<div class=\"elementor-button-wrapper\">\n\t\t\t\t\t<a class=\"elementor-button elementor-button-link elementor-size-sm\" href=\"https:\/\/see-net.ca\/fr\/formulaire-de-demande\/\">\n\t\t\t\t\t\t<span class=\"elementor-button-content-wrapper\">\n\t\t\t\t\t\t\t\t\t<span class=\"elementor-button-text\">CONTACTEZ-NOUS<\/span>\n\t\t\t\t\t<\/span>\n\t\t\t\t\t<\/a>\n\t\t\t\t<\/div>\n\t\t\t\t\t\t\t\t<\/div>\n\t\t\t\t<\/div>\n\t\t\t\t\t<\/div>\n\t\t\t\t<\/div>\n\t\t\t\t<\/div>\n\t\t","protected":false},"excerpt":{"rendered":"<p>Joignez-vous \u00e0 SEEnet SEEnet habilite les communaut\u00e9s d\u2019expression anglaise du Qu\u00e9bec \u00e0 s\u2019appuyer sur leur vitalit\u00e9 et leur cr\u00e9ativit\u00e9. En travaillant avec des talents et sp\u00e9cialistes locaux, nous favorisons l\u2019\u00e9panouissement des communaut\u00e9s. SEEnet offre des services et des programmes permettant d\u2019atteindre ces objectifs \u00e9conomiques, sociaux et environnementaux au sein des communaut\u00e9s d\u2019expression anglaise du Qu\u00e9bec. <a href=\"https:\/\/see-net.ca\/fr\/nous-joindre\/\" class=\"more-link\">&#8230;<\/a><\/p>\n","protected":false},"author":10,"featured_media":3484,"parent":0,"menu_order":0,"comment_status":"closed","ping_status":"closed","template":"","meta":{"_monsterinsights_skip_tracking":false,"_monsterinsights_sitenote_active":false,"_monsterinsights_sitenote_note":"","_monsterinsights_sitenote_category":0,"episode_type":"","audio_file":"","podmotor_file_id":"","podmotor_episode_id":"","cover_image":"","cover_image_id":"","duration":"","filesize":"","filesize_raw":"","date_recorded":"","explicit":"","block":"","itunes_episode_number":"","itunes_title":"","itunes_season_number":"","itunes_episode_type":"","footnotes":""},"class_list":["post-3951","page","type-page","status-publish","has-post-thumbnail","hentry"],"_links":{"self":[{"href":"https:\/\/see-net.ca\/fr\/wp-json\/wp\/v2\/pages\/3951","targetHints":{"allow":["GET"]}}],"collection":[{"href":"https:\/\/see-net.ca\/fr\/wp-json\/wp\/v2\/pages"}],"about":[{"href":"https:\/\/see-net.ca\/fr\/wp-json\/wp\/v2\/types\/page"}],"author":[{"embeddable":true,"href":"https:\/\/see-net.ca\/fr\/wp-json\/wp\/v2\/users\/10"}],"replies":[{"embeddable":true,"href":"https:\/\/see-net.ca\/fr\/wp-json\/wp\/v2\/comments?post=3951"}],"version-history":[{"count":24,"href":"https:\/\/see-net.ca\/fr\/wp-json\/wp\/v2\/pages\/3951\/revisions"}],"predecessor-version":[{"id":6610,"href":"https:\/\/see-net.ca\/fr\/wp-json\/wp\/v2\/pages\/3951\/revisions\/6610"}],"wp:featuredmedia":[{"embeddable":true,"href":"https:\/\/see-net.ca\/fr\/wp-json\/wp\/v2\/media\/3484"}],"wp:attachment":[{"href":"https:\/\/see-net.ca\/fr\/wp-json\/wp\/v2\/media?parent=3951"}],"curies":[{"name":"wp","href":"https:\/\/api.w.org\/{rel}","templated":true}]}}