{"id":4034,"date":"2023-04-21T14:21:05","date_gmt":"2023-04-21T18:21:05","guid":{"rendered":"https:\/\/dev.see-net.ca\/services\/consultations-de-projet\/"},"modified":"2024-07-03T17:31:22","modified_gmt":"2024-07-03T21:31:22","slug":"soutien-aux-projets","status":"publish","type":"page","link":"https:\/\/see-net.ca\/fr\/services\/soutien-aux-projets\/","title":{"rendered":"Soutien aux projets"},"content":{"rendered":"\t\t<div data-elementor-type=\"wp-page\" data-elementor-id=\"4034\" class=\"elementor elementor-4034 elementor-2015\" data-elementor-post-type=\"page\">\n\t\t\t\t<div class=\"elementor-element elementor-element-ec24ded e-con-full e-flex e-con e-parent\" data-id=\"ec24ded\" data-element_type=\"container\" data-e-type=\"container\">\n\t\t\t\t<div class=\"elementor-element elementor-element-f90af1b elementor--h-position-left elementor--v-position-middle elementor-arrows-position-inside elementor-pagination-position-inside elementor-widget elementor-widget-slides\" data-id=\"f90af1b\" data-element_type=\"widget\" data-e-type=\"widget\" data-settings=\"{&quot;transition&quot;:&quot;fade&quot;,&quot;transition_speed&quot;:1000,&quot;navigation&quot;:&quot;both&quot;,&quot;autoplay&quot;:&quot;yes&quot;,&quot;autoplay_speed&quot;:5000,&quot;infinite&quot;:&quot;yes&quot;}\" data-widget_type=\"slides.default\">\n\t\t\t\t<div class=\"elementor-widget-container\">\n\t\t\t\t\t\t\t\t\t<div class=\"elementor-swiper\">\n\t\t\t\t\t<div class=\"elementor-slides-wrapper elementor-main-swiper swiper\" role=\"region\" aria-roledescription=\"carousel\" aria-label=\"Diapositives\" dir=\"ltr\" data-animation=\"fadeInUp\">\n\t\t\t\t<div class=\"swiper-wrapper elementor-slides\">\n\t\t\t\t\t\t\t\t\t\t<div class=\"elementor-repeater-item-276862e swiper-slide\" role=\"group\" aria-roledescription=\"slide\"><div class=\"swiper-slide-bg\" role=\"img\" aria-label=\"Welcome to SEEnet\"><\/div><div class=\"elementor-background-overlay\"><\/div><div class=\"swiper-slide-inner\" ><div class=\"swiper-slide-contents\"><div class=\"elementor-slide-heading\">Soutien<br>aux projets<\/div><\/div><\/div><\/div>\t\t\t\t<\/div>\n\t\t\t\t\t\t\t<\/div>\n\t\t\t\t<\/div>\n\t\t\t\t\t\t\t\t<\/div>\n\t\t\t\t<\/div>\n\t\t\t\t<\/div>\n\t\t<div class=\"elementor-element elementor-element-d91ca1d e-flex e-con-boxed e-con e-parent\" data-id=\"d91ca1d\" data-element_type=\"container\" data-e-type=\"container\">\n\t\t\t\t\t<div class=\"e-con-inner\">\n\t\t<div class=\"elementor-element elementor-element-de2e415 e-con-full e-flex e-con e-child\" data-id=\"de2e415\" data-element_type=\"container\" data-e-type=\"container\">\n\t\t\t\t<div class=\"elementor-element elementor-element-f4b553e elementor-widget elementor-widget-heading\" data-id=\"f4b553e\" data-element_type=\"widget\" data-e-type=\"widget\" data-widget_type=\"heading.default\">\n\t\t\t\t<div class=\"elementor-widget-container\">\n\t\t\t\t\t<h2 class=\"elementor-heading-title elementor-size-default\">D\u00c9VELOPPEZ VOTRE ENTREPRISE D'\u00c9CONOMIE SOCIALE GR\u00c2CE \u00c0 DES CONSULTATIONS SUR LES PROJETS<\/h2>\t\t\t\t<\/div>\n\t\t\t\t<\/div>\n\t\t\t\t<div class=\"elementor-element elementor-element-63d318a elementor-widget elementor-widget-text-editor\" data-id=\"63d318a\" data-element_type=\"widget\" data-e-type=\"widget\" data-widget_type=\"text-editor.default\">\n\t\t\t\t<div class=\"elementor-widget-container\">\n\t\t\t\t\t\t\t\t\t<p>Avec nos partenaires du <a href=\"https:\/\/cdrq.coop\/\" target=\"_blank\" rel=\"noopener\">CDRQ<\/a>, nous offrons un soutien complet \u00e0 chaque \u00e9tape du d\u00e9veloppement d&rsquo;un projet. Chaque projet est diff\u00e9rent, mais SEEnet dirige g\u00e9n\u00e9ralement les premi\u00e8res \u00e9tapes du projet. Le CDRQ est notre partenaire officiel pour l&rsquo;accompagnement des projets et intervient g\u00e9n\u00e9ralement d\u00e8s la premi\u00e8re \u00e9bauche du plan d&rsquo;affaires.<\/p>\n<p><strong>Nous pouvons vous aider avec les \u00e9tapes et sujets suivants :<\/strong><\/p>\n<ul>\n<li>Id\u00e9ation (un coaching suppl\u00e9mentaire est disponible via <a href=\"https:\/\/yesmontreal.ca\/\" target=\"_blank\" rel=\"noopener\">YES Employment and Entrepreneurship<\/a>) et soutien \u00e0 l&rsquo;analyse de march\u00e9, \u00e0 l&rsquo;\u00e9valuation de l&rsquo;environnement et \u00e0 l&rsquo;\u00e9valuation des besoins<\/li>\n<li>D\u00e9veloppement d&rsquo;un mod\u00e8le d&rsquo;entreprise, y compris la faisabilit\u00e9, la structure financi\u00e8re, le plan d&rsquo;entreprise et la recherche de financement<\/li>\n<li>Choix d&rsquo;une forme juridique (coop\u00e9rative ou organisme \u00e0 but non lucratif)<\/li>\n<li>Mobilisation des membres et des partenaires<\/li>\n<li>Processus d&rsquo;incorporation<\/li>\n<li>\u00c9laboration des r\u00e8glements g\u00e9n\u00e9raux, des mod\u00e8les de contrat et des registres<\/li>\n<li>Organisation des assembl\u00e9es g\u00e9n\u00e9rales annuelles et des r\u00e9unions du conseil d&rsquo;administration<\/li>\n<li>Formation sur les r\u00f4les et les responsabilit\u00e9s du conseil d&rsquo;administration<\/li>\n<li>Prise de d\u00e9cision<\/li>\n<li>Exploration des diff\u00e9rentes options de financement sp\u00e9cifiques aux entreprises d&rsquo;\u00e9conomie sociale, y compris les subventions et les pr\u00eats<\/li>\n<\/ul>\n<p><span style=\"font-weight: 400;\"><a href=\"https:\/\/see-net.ca\/fr\/formulaire-de-demande\/\" rel=\"noopener\">Remplissez le formulaire <\/a><strong>pour demander du soutien avec votre projet d&rsquo;\u00e9conomie sociale.<\/strong><\/span><\/p>\n\t\t\t\t\t\t\t\t<\/div>\n\t\t\t\t<\/div>\n\t\t\t\t<\/div>\n\t\t<div class=\"elementor-element elementor-element-7a26a83 e-con-full e-flex e-con e-child\" data-id=\"7a26a83\" data-element_type=\"container\" data-e-type=\"container\">\n\t\t\t\t<div class=\"elementor-element elementor-element-e878f08 elementor-widget elementor-widget-image\" data-id=\"e878f08\" data-element_type=\"widget\" data-e-type=\"widget\" data-widget_type=\"image.default\">\n\t\t\t\t<div class=\"elementor-widget-container\">\n\t\t\t\t\t\t\t\t\t\t\t\t\t\t\t<img fetchpriority=\"high\" decoding=\"async\" width=\"300\" height=\"300\" src=\"https:\/\/see-net.ca\/wp-content\/uploads\/2024\/06\/SEEnetWebsite_circlePhotos_564x564_MCDC-2-300x300.png\" class=\"attachment-medium size-medium wp-image-5776\" alt=\"\" srcset=\"https:\/\/see-net.ca\/wp-content\/uploads\/2024\/06\/SEEnetWebsite_circlePhotos_564x564_MCDC-2-300x300.png 300w, https:\/\/see-net.ca\/wp-content\/uploads\/2024\/06\/SEEnetWebsite_circlePhotos_564x564_MCDC-2-150x150.png 150w, https:\/\/see-net.ca\/wp-content\/uploads\/2024\/06\/SEEnetWebsite_circlePhotos_564x564_MCDC-2-400x400.png 400w, https:\/\/see-net.ca\/wp-content\/uploads\/2024\/06\/SEEnetWebsite_circlePhotos_564x564_MCDC-2.png 564w\" sizes=\"(max-width: 300px) 100vw, 300px\" \/>\t\t\t\t\t\t\t\t\t\t\t\t\t\t\t<\/div>\n\t\t\t\t<\/div>\n\t\t\t\t<\/div>\n\t\t\t\t\t<\/div>\n\t\t\t\t<\/div>\n\t\t\t\t<\/div>\n\t\t","protected":false},"excerpt":{"rendered":"<p>Soutienaux projets D\u00c9VELOPPEZ VOTRE ENTREPRISE D&rsquo;\u00c9CONOMIE SOCIALE GR\u00c2CE \u00c0 DES CONSULTATIONS SUR LES PROJETS Avec nos partenaires du CDRQ, nous offrons un soutien complet \u00e0 chaque \u00e9tape du d\u00e9veloppement d&rsquo;un projet. Chaque projet est diff\u00e9rent, mais SEEnet dirige g\u00e9n\u00e9ralement les premi\u00e8res \u00e9tapes du projet. Le CDRQ est notre partenaire officiel pour l&rsquo;accompagnement des projets et <a href=\"https:\/\/see-net.ca\/fr\/services\/soutien-aux-projets\/\" class=\"more-link\">&#8230;<\/a><\/p>\n","protected":false},"author":10,"featured_media":3457,"parent":4030,"menu_order":0,"comment_status":"closed","ping_status":"closed","template":"","meta":{"_monsterinsights_skip_tracking":false,"_monsterinsights_sitenote_active":false,"_monsterinsights_sitenote_note":"","_monsterinsights_sitenote_category":0,"episode_type":"","audio_file":"","podmotor_file_id":"","podmotor_episode_id":"","cover_image":"","cover_image_id":"","duration":"","filesize":"","filesize_raw":"","date_recorded":"","explicit":"","block":"","itunes_episode_number":"","itunes_title":"","itunes_season_number":"","itunes_episode_type":"","footnotes":""},"class_list":["post-4034","page","type-page","status-publish","has-post-thumbnail","hentry"],"_links":{"self":[{"href":"https:\/\/see-net.ca\/fr\/wp-json\/wp\/v2\/pages\/4034","targetHints":{"allow":["GET"]}}],"collection":[{"href":"https:\/\/see-net.ca\/fr\/wp-json\/wp\/v2\/pages"}],"about":[{"href":"https:\/\/see-net.ca\/fr\/wp-json\/wp\/v2\/types\/page"}],"author":[{"embeddable":true,"href":"https:\/\/see-net.ca\/fr\/wp-json\/wp\/v2\/users\/10"}],"replies":[{"embeddable":true,"href":"https:\/\/see-net.ca\/fr\/wp-json\/wp\/v2\/comments?post=4034"}],"version-history":[{"count":19,"href":"https:\/\/see-net.ca\/fr\/wp-json\/wp\/v2\/pages\/4034\/revisions"}],"predecessor-version":[{"id":6150,"href":"https:\/\/see-net.ca\/fr\/wp-json\/wp\/v2\/pages\/4034\/revisions\/6150"}],"up":[{"embeddable":true,"href":"https:\/\/see-net.ca\/fr\/wp-json\/wp\/v2\/pages\/4030"}],"wp:featuredmedia":[{"embeddable":true,"href":"https:\/\/see-net.ca\/fr\/wp-json\/wp\/v2\/media\/3457"}],"wp:attachment":[{"href":"https:\/\/see-net.ca\/fr\/wp-json\/wp\/v2\/media?parent=4034"}],"curies":[{"name":"wp","href":"https:\/\/api.w.org\/{rel}","templated":true}]}}