{"id":4078,"date":"2023-04-21T16:26:04","date_gmt":"2023-04-21T20:26:04","guid":{"rendered":"https:\/\/dev.see-net.ca\/ensemble-media\/"},"modified":"2025-11-26T11:55:23","modified_gmt":"2025-11-26T16:55:23","slug":"ensemble-media","status":"publish","type":"page","link":"https:\/\/see-net.ca\/fr\/ensemble-media\/","title":{"rendered":"Ensemble m\u00e9dia"},"content":{"rendered":"\t\t<div data-elementor-type=\"wp-page\" data-elementor-id=\"4078\" class=\"elementor elementor-4078 elementor-2101\" data-elementor-post-type=\"page\">\n\t\t\t\t<div class=\"elementor-element elementor-element-216db40 e-con-full e-flex e-con e-parent\" data-id=\"216db40\" data-element_type=\"container\" data-e-type=\"container\">\n\t\t\t\t<div class=\"elementor-element elementor-element-e0111ca elementor--h-position-left elementor--v-position-middle elementor-arrows-position-inside elementor-pagination-position-inside elementor-widget elementor-widget-slides\" data-id=\"e0111ca\" data-element_type=\"widget\" data-e-type=\"widget\" data-settings=\"{&quot;transition&quot;:&quot;fade&quot;,&quot;transition_speed&quot;:1000,&quot;navigation&quot;:&quot;both&quot;,&quot;autoplay&quot;:&quot;yes&quot;,&quot;autoplay_speed&quot;:5000,&quot;infinite&quot;:&quot;yes&quot;}\" data-widget_type=\"slides.default\">\n\t\t\t\t<div class=\"elementor-widget-container\">\n\t\t\t\t\t\t\t\t\t<div class=\"elementor-swiper\">\n\t\t\t\t\t<div class=\"elementor-slides-wrapper elementor-main-swiper swiper\" role=\"region\" aria-roledescription=\"carousel\" aria-label=\"Slides\" dir=\"ltr\" data-animation=\"fadeInUp\">\n\t\t\t\t<div class=\"swiper-wrapper elementor-slides\">\n\t\t\t\t\t\t\t\t\t\t<div class=\"elementor-repeater-item-276862e swiper-slide\" role=\"group\" aria-roledescription=\"slide\"><div class=\"swiper-slide-bg\" role=\"img\" aria-label=\"Welcome to SEEnet\"><\/div><div class=\"elementor-background-overlay\"><\/div><div class=\"swiper-slide-inner\" ><div class=\"swiper-slide-contents\"><div class=\"elementor-slide-heading\">INFORMATION POUR LES M\u00c9DIAS<\/div><div class=\"elementor-slide-description\"><p>Une collection de ressources pour les m\u00e9dias <\/p>\n<\/div><\/div><\/div><\/div>\t\t\t\t<\/div>\n\t\t\t\t\t\t\t<\/div>\n\t\t\t\t<\/div>\n\t\t\t\t\t\t\t\t<\/div>\n\t\t\t\t<\/div>\n\t\t\t\t<\/div>\n\t\t<div class=\"elementor-element elementor-element-50c4730 e-flex e-con-boxed e-con e-parent\" data-id=\"50c4730\" data-element_type=\"container\" data-e-type=\"container\" data-settings=\"{&quot;background_background&quot;:&quot;classic&quot;}\">\n\t\t\t\t\t<div class=\"e-con-inner\">\n\t\t\t\t<div class=\"elementor-element elementor-element-e0a7991 elementor-icon-list--layout-inline elementor-list-item-link-full_width elementor-widget elementor-widget-icon-list\" data-id=\"e0a7991\" data-element_type=\"widget\" data-e-type=\"widget\" data-widget_type=\"icon-list.default\">\n\t\t\t\t<div class=\"elementor-widget-container\">\n\t\t\t\t\t\t\t<ul class=\"elementor-icon-list-items elementor-inline-items\">\n\t\t\t\t\t\t\t<li class=\"elementor-icon-list-item elementor-inline-item\">\n\t\t\t\t\t\t\t\t\t\t\t<a href=\"https:\/\/see-net.ca\/fr\/a-propos\/\">\n\n\t\t\t\t\t\t\t\t\t\t\t<span class=\"elementor-icon-list-text\">\u00c0 propos de nous<\/span>\n\t\t\t\t\t\t\t\t\t\t\t<\/a>\n\t\t\t\t\t\t\t\t\t<\/li>\n\t\t\t\t\t\t<\/ul>\n\t\t\t\t\t\t<\/div>\n\t\t\t\t<\/div>\n\t\t\t\t\t<\/div>\n\t\t\t\t<\/div>\n\t\t<div class=\"elementor-element elementor-element-135be4a e-flex e-con-boxed e-con e-parent\" data-id=\"135be4a\" data-element_type=\"container\" data-e-type=\"container\">\n\t\t\t\t\t<div class=\"e-con-inner\">\n\t\t\t\t<div class=\"elementor-element elementor-element-e28027b elementor-widget__width-initial elementor-cta--skin-classic elementor-animated-content elementor-bg-transform elementor-bg-transform-zoom-in elementor-widget elementor-widget-call-to-action\" data-id=\"e28027b\" data-element_type=\"widget\" data-e-type=\"widget\" data-widget_type=\"call-to-action.default\">\n\t\t\t\t<div class=\"elementor-widget-container\">\n\t\t\t\t\t\t\t<div class=\"elementor-cta\">\n\t\t\t\t\t\t\t<div class=\"elementor-cta__content\">\n\t\t\t\t\n\t\t\t\t\t\t\t\t\t<h2 class=\"elementor-cta__title elementor-cta__content-item elementor-content-item\">\n\t\t\t\t\t\tCoup d\u2019\u0153il : \u00c0 propos de SEEnet\t\t\t\t\t<\/h2>\n\t\t\t\t\n\t\t\t\t\n\t\t\t\t\t\t\t\t\t<div class=\"elementor-cta__button-wrapper elementor-cta__content-item elementor-content-item \">\n\t\t\t\t\t<a class=\"elementor-cta__button elementor-button elementor-size-\" href=\"https:\/\/see-net.ca\/wp-content\/uploads\/2025\/10\/OnePager_SEEnet_29Oct2025.pdf\" target=\"_blank\">\n\t\t\t\t\t\tT\u00c9L\u00c9CHARGER\t\t\t\t\t<\/a>\n\t\t\t\t\t<\/div>\n\t\t\t\t\t\t\t<\/div>\n\t\t\t\t\t\t<\/div>\n\t\t\t\t\t\t<\/div>\n\t\t\t\t<\/div>\n\t\t\t\t<div class=\"elementor-element elementor-element-d7cd401 elementor-widget__width-initial elementor-cta--skin-classic elementor-animated-content elementor-bg-transform elementor-bg-transform-zoom-in elementor-widget elementor-widget-call-to-action\" data-id=\"d7cd401\" data-element_type=\"widget\" data-e-type=\"widget\" data-widget_type=\"call-to-action.default\">\n\t\t\t\t<div class=\"elementor-widget-container\">\n\t\t\t\t\t\t\t<div class=\"elementor-cta\">\n\t\t\t\t\t\t\t<div class=\"elementor-cta__content\">\n\t\t\t\t\n\t\t\t\t\t\t\t\t\t<h2 class=\"elementor-cta__title elementor-cta__content-item elementor-content-item\">\n\t\t\t\t\t\tUn r\u00e9sum\u00e9 de la mission et du travail de SEEnet\t\t\t\t\t<\/h2>\n\t\t\t\t\n\t\t\t\t\n\t\t\t\t\t\t\t\t\t<div class=\"elementor-cta__button-wrapper elementor-cta__content-item elementor-content-item \">\n\t\t\t\t\t<a class=\"elementor-cta__button elementor-button elementor-size-\" href=\"https:\/\/see-net.ca\/wp-content\/uploads\/2025\/10\/SEEnet_About_MediaKit_07October2025.pdf\" target=\"_blank\">\n\t\t\t\t\t\tT\u00c9L\u00c9CHARGER\t\t\t\t\t<\/a>\n\t\t\t\t\t<\/div>\n\t\t\t\t\t\t\t<\/div>\n\t\t\t\t\t\t<\/div>\n\t\t\t\t\t\t<\/div>\n\t\t\t\t<\/div>\n\t\t\t\t<div class=\"elementor-element elementor-element-5036471 elementor-widget__width-initial elementor-cta--skin-classic elementor-animated-content elementor-bg-transform elementor-bg-transform-zoom-in elementor-widget elementor-widget-call-to-action\" data-id=\"5036471\" data-element_type=\"widget\" data-e-type=\"widget\" data-widget_type=\"call-to-action.default\">\n\t\t\t\t<div class=\"elementor-widget-container\">\n\t\t\t\t\t\t\t<div class=\"elementor-cta\">\n\t\t\t\t\t\t\t<div class=\"elementor-cta__content\">\n\t\t\t\t\n\t\t\t\t\t\t\t\t\t<h2 class=\"elementor-cta__title elementor-cta__content-item elementor-content-item\">\n\t\t\t\t\t\tRessources <br>vid\u00e9o\t\t\t\t\t<\/h2>\n\t\t\t\t\n\t\t\t\t\n\t\t\t\t\t\t\t\t\t<div class=\"elementor-cta__button-wrapper elementor-cta__content-item elementor-content-item \">\n\t\t\t\t\t<a class=\"elementor-cta__button elementor-button elementor-size-\" href=\"https:\/\/www.youtube.com\/channel\/UCnwu0xACfSTpmb4dHK2oPhw\" target=\"_blank\">\n\t\t\t\t\t\t\u00c9COUTER\t\t\t\t\t<\/a>\n\t\t\t\t\t<\/div>\n\t\t\t\t\t\t\t<\/div>\n\t\t\t\t\t\t<\/div>\n\t\t\t\t\t\t<\/div>\n\t\t\t\t<\/div>\n\t\t\t\t<div class=\"elementor-element elementor-element-377463b elementor-widget__width-initial elementor-cta--valign-middle elementor-cta--skin-classic elementor-animated-content elementor-bg-transform elementor-bg-transform-zoom-in elementor-widget elementor-widget-call-to-action\" data-id=\"377463b\" data-element_type=\"widget\" data-e-type=\"widget\" data-widget_type=\"call-to-action.default\">\n\t\t\t\t<div class=\"elementor-widget-container\">\n\t\t\t\t\t\t\t<div class=\"elementor-cta\">\n\t\t\t\t\t\t\t<div class=\"elementor-cta__content\">\n\t\t\t\t\n\t\t\t\t\t\t\t\t\t<h2 class=\"elementor-cta__title elementor-cta__content-item elementor-content-item\">\n\t\t\t\t\t\tLogos, mat\u00e9riel promotionnel et guide d\u2019utilisation et de normes graphiques\t\t\t\t\t<\/h2>\n\t\t\t\t\n\t\t\t\t\n\t\t\t\t\t\t\t\t\t<div class=\"elementor-cta__button-wrapper elementor-cta__content-item elementor-content-item \">\n\t\t\t\t\t<a class=\"elementor-cta__button elementor-button elementor-size-\" href=\"\/wp-content\/uploads\/2023\/12\/Logos-Branded-Materials-and-Usage-Guidelines.zip\" target=\"_blank\">\n\t\t\t\t\t\tT\u00c9L\u00c9CHARGER\t\t\t\t\t<\/a>\n\t\t\t\t\t<\/div>\n\t\t\t\t\t\t\t<\/div>\n\t\t\t\t\t\t<\/div>\n\t\t\t\t\t\t<\/div>\n\t\t\t\t<\/div>\n\t\t\t\t<div class=\"elementor-element elementor-element-af8c6f7 elementor-widget__width-initial elementor-cta--layout-image-above elementor-cta--skin-classic elementor-animated-content elementor-bg-transform elementor-bg-transform-zoom-in elementor-widget elementor-widget-call-to-action\" data-id=\"af8c6f7\" data-element_type=\"widget\" data-e-type=\"widget\" data-widget_type=\"call-to-action.default\">\n\t\t\t\t<div class=\"elementor-widget-container\">\n\t\t\t\t\t\t\t<div class=\"elementor-cta\">\n\t\t\t\t\t\t\t<div class=\"elementor-cta__content\">\n\t\t\t\t\n\t\t\t\t\t\t\t\t\t<h2 class=\"elementor-cta__title elementor-cta__content-item elementor-content-item\">\n\t\t\t\t\t\tArchive <br>m\u00e9diatique\t\t\t\t\t<\/h2>\n\t\t\t\t\n\t\t\t\t\n\t\t\t\t\t\t\t\t\t<div class=\"elementor-cta__button-wrapper elementor-cta__content-item elementor-content-item \">\n\t\t\t\t\t<a class=\"elementor-cta__button elementor-button elementor-size-\" href=\"#archives\">\n\t\t\t\t\t\tVOIR PLUS\t\t\t\t\t<\/a>\n\t\t\t\t\t<\/div>\n\t\t\t\t\t\t\t<\/div>\n\t\t\t\t\t\t<\/div>\n\t\t\t\t\t\t<\/div>\n\t\t\t\t<\/div>\n\t\t\t\t\t<\/div>\n\t\t\t\t<\/div>\n\t\t<div class=\"elementor-element elementor-element-6186ce7 e-flex e-con-boxed e-con e-parent\" data-id=\"6186ce7\" data-element_type=\"container\" data-e-type=\"container\" data-settings=\"{&quot;background_background&quot;:&quot;classic&quot;}\">\n\t\t\t\t\t<div class=\"e-con-inner\">\n\t\t\t\t<div class=\"elementor-element elementor-element-dd155cc elementor-view-default elementor-position-block-start elementor-mobile-position-block-start elementor-widget elementor-widget-icon-box\" data-id=\"dd155cc\" data-element_type=\"widget\" data-e-type=\"widget\" data-widget_type=\"icon-box.default\">\n\t\t\t\t<div class=\"elementor-widget-container\">\n\t\t\t\t\t\t\t<div class=\"elementor-icon-box-wrapper\">\n\n\t\t\t\t\t\t<div class=\"elementor-icon-box-icon\">\n\t\t\t\t<span  class=\"elementor-icon\">\n\t\t\t\t<svg xmlns=\"http:\/\/www.w3.org\/2000\/svg\" xmlns:xlink=\"http:\/\/www.w3.org\/1999\/xlink\" id=\"Group_224\" data-name=\"Group 224\" width=\"82\" height=\"59.482\" viewBox=\"0 0 82 59.482\"><defs><clipPath id=\"clip-path\"><rect id=\"Rectangle_1105\" data-name=\"Rectangle 1105\" width=\"82\" height=\"59.482\" fill=\"#d5d5d5\"><\/rect><\/clipPath><\/defs><g id=\"Group_223\" data-name=\"Group 223\" clip-path=\"url(#clip-path)\"><path id=\"Path_152\" data-name=\"Path 152\" d=\"M23.749,20.366A54.075,54.075,0,0,1,26.5,15.119c1.836-2.773,3.834-5.443,5.859-8.083A4.237,4.237,0,0,0,31.97,1,4.4,4.4,0,0,0,27.426.416C14.593,4.671,5.729,12.909,1.88,26.06.285,31.511-.556,37.114.411,42.787,2.192,53.231,11.977,61.373,23.612,59.1A19.734,19.734,0,0,0,39.179,43.171a19.422,19.422,0,0,0-9.573-20.312,59.847,59.847,0,0,0-5.857-2.493m42.375.112c1.358-2.447,2.546-4.9,4.024-7.161s3.249-4.353,4.9-6.508a4.1,4.1,0,0,0,.308-4.828A4.021,4.021,0,0,0,70.88.149,38.976,38.976,0,0,0,51.435,12.555a37.74,37.74,0,0,0-8.213,18.8,33.434,33.434,0,0,0-.2,11.952C45.076,53.36,54.553,61.379,66.224,59.088A19.593,19.593,0,0,0,81.918,41.351a19.322,19.322,0,0,0-11.8-19.511c-1.2-.5-2.472-.847-4-1.361\" transform=\"translate(0 0)\" fill=\"#d5d5d5\"><\/path><path id=\"Path_153\" data-name=\"Path 153\" d=\"M23.749,20.544a59.847,59.847,0,0,1,5.857,2.493,19.422,19.422,0,0,1,9.573,20.312A19.734,19.734,0,0,1,23.612,59.276C11.977,61.55,2.192,53.409.411,42.965-.556,37.292.285,31.688,1.88,26.238,5.729,13.086,14.593,4.848,27.426.594a4.4,4.4,0,0,1,4.544.583,4.237,4.237,0,0,1,.389,6.036C30.334,9.854,28.336,12.523,26.5,15.3a54.075,54.075,0,0,0-2.751,5.248\" transform=\"translate(0 -0.178)\" fill=\"#d5d5d5\"><\/path><path id=\"Path_154\" data-name=\"Path 154\" d=\"M205.377,20.479c1.526.515,2.794.861,4,1.361a19.322,19.322,0,0,1,11.8,19.511,19.593,19.593,0,0,1-15.694,17.738c-11.671,2.29-21.149-5.728-23.206-15.782a33.434,33.434,0,0,1,.2-11.952,37.74,37.74,0,0,1,8.213-18.8A38.976,38.976,0,0,1,210.133.149a4.021,4.021,0,0,1,4.48,1.832,4.1,4.1,0,0,1-.308,4.828c-1.655,2.155-3.421,4.239-4.9,6.508s-2.666,4.714-4.024,7.161\" transform=\"translate(-139.253 0)\" fill=\"#d5d5d5\"><\/path><\/g><\/svg>\t\t\t\t<\/span>\n\t\t\t<\/div>\n\t\t\t\n\t\t\t\t\t\t<div class=\"elementor-icon-box-content\">\n\n\t\t\t\t\t\t\t\t\t<h3 class=\"elementor-icon-box-title\">\n\t\t\t\t\t\t<span  >\n\t\t\t\t\t\t\tLe Qu\u00e9bec est consid\u00e9r\u00e9 comme un chef de file mondial en mati\u00e8re d'\u00e9conomie sociale, et SEEnet veille \u00e0 ce que les Qu\u00e9b\u00e9cois\u00b7es d'expression anglaise de la province b\u00e9n\u00e9ficient de tout ce leadership et de toute cette exp\u00e9rience pour d\u00e9velopper leurs communaut\u00e9s locales gr\u00e2ce \u00e0 l'entrepreneuriat social.\t\t\t\t\t\t<\/span>\n\t\t\t\t\t<\/h3>\n\t\t\t\t\n\t\t\t\t\t\t\t\t\t<p class=\"elementor-icon-box-description\">\n\t\t\t\t\t\t\u2014 Hugh Maynard, consultant en \u00e9conomie sociale\t\t\t\t\t<\/p>\n\t\t\t\t\n\t\t\t<\/div>\n\t\t\t\n\t\t<\/div>\n\t\t\t\t\t\t<\/div>\n\t\t\t\t<\/div>\n\t\t\t\t\t<\/div>\n\t\t\t\t<\/div>\n\t\t<div class=\"elementor-element elementor-element-45d3f42 e-flex e-con-boxed e-con e-parent\" data-id=\"45d3f42\" data-element_type=\"container\" data-e-type=\"container\" id=\"archives\">\n\t\t\t\t\t<div class=\"e-con-inner\">\n\t\t\t\t<div class=\"elementor-element elementor-element-7dd9db1 elementor-widget elementor-widget-heading\" data-id=\"7dd9db1\" data-element_type=\"widget\" data-e-type=\"widget\" data-widget_type=\"heading.default\">\n\t\t\t\t<div class=\"elementor-widget-container\">\n\t\t\t\t\t<h2 class=\"elementor-heading-title elementor-size-default\">COUVERTURE M\u00c9DIATIQUE<\/h2>\t\t\t\t<\/div>\n\t\t\t\t<\/div>\n\t\t<div class=\"elementor-element elementor-element-b1644b2 e-con-full e-flex e-con e-child\" data-id=\"b1644b2\" data-element_type=\"container\" data-e-type=\"container\">\n\t\t\t\t<div class=\"elementor-element elementor-element-2442013 elementor-widget elementor-widget-spacer\" data-id=\"2442013\" data-element_type=\"widget\" data-e-type=\"widget\" data-widget_type=\"spacer.default\">\n\t\t\t\t<div class=\"elementor-widget-container\">\n\t\t\t\t\t\t\t<div class=\"elementor-spacer\">\n\t\t\t<div class=\"elementor-spacer-inner\"><\/div>\n\t\t<\/div>\n\t\t\t\t\t\t<\/div>\n\t\t\t\t<\/div>\n\t\t\t\t<div class=\"elementor-element elementor-element-09f979a elementor-align-center elementor-widget elementor-widget-button\" data-id=\"09f979a\" data-element_type=\"widget\" data-e-type=\"widget\" data-widget_type=\"button.default\">\n\t\t\t\t<div class=\"elementor-widget-container\">\n\t\t\t\t\t\t\t\t\t<div class=\"elementor-button-wrapper\">\n\t\t\t\t\t<a class=\"elementor-button elementor-button-link elementor-size-sm\" href=\"https:\/\/see-net.ca\/fr\/nouvelles\/\">\n\t\t\t\t\t\t<span class=\"elementor-button-content-wrapper\">\n\t\t\t\t\t\t\t\t\t<span class=\"elementor-button-text\">CONSULTER PLUS DE NOUVELLES ET COMMUNIQU\u00c9S DE PRESSE<\/span>\n\t\t\t\t\t<\/span>\n\t\t\t\t\t<\/a>\n\t\t\t\t<\/div>\n\t\t\t\t\t\t\t\t<\/div>\n\t\t\t\t<\/div>\n\t\t\t\t<\/div>\n\t\t<div class=\"elementor-element elementor-element-4d7a68e e-con-full e-flex e-con e-child\" data-id=\"4d7a68e\" data-element_type=\"container\" data-e-type=\"container\">\n\t\t\t\t<\/div>\n\t\t\t\t\t<\/div>\n\t\t\t\t<\/div>\n\t\t<div class=\"elementor-element elementor-element-f60c158 e-flex e-con-boxed e-con e-parent\" data-id=\"f60c158\" data-element_type=\"container\" data-e-type=\"container\">\n\t\t\t\t\t<div class=\"e-con-inner\">\n\t\t\t\t<div class=\"elementor-element elementor-element-babf9ab elementor-widget elementor-widget-heading\" data-id=\"babf9ab\" data-element_type=\"widget\" data-e-type=\"widget\" data-widget_type=\"heading.default\">\n\t\t\t\t<div class=\"elementor-widget-container\">\n\t\t\t\t\t<h2 class=\"elementor-heading-title elementor-size-default\">Contact m\u00e9diatique<\/h2>\t\t\t\t<\/div>\n\t\t\t\t<\/div>\n\t\t\t\t<div class=\"elementor-element elementor-element-8622340 elementor-widget elementor-widget-text-editor\" data-id=\"8622340\" data-element_type=\"widget\" data-e-type=\"widget\" data-widget_type=\"text-editor.default\">\n\t\t\t\t<div class=\"elementor-widget-container\">\n\t\t\t\t\t\t\t\t\t<p><span style=\"font-weight: 400;\">Pour des opportunit\u00e9s m\u00e9diatiques et de presse, veuillez envoyer un message \u00e0<\/span> <span style=\"font-weight: 400;\"><a href=\"mailto:press@regdevnet.ca\">press@regdevnet.ca<\/a><\/span>.<\/p>\n\t\t\t\t\t\t\t\t<\/div>\n\t\t\t\t<\/div>\n\t\t\t\t\t<\/div>\n\t\t\t\t<\/div>\n\t\t\t\t<\/div>\n\t\t","protected":false},"excerpt":{"rendered":"<p>INFORMATION POUR LES M\u00c9DIAS Une collection de ressources pour les m\u00e9dias \u00c0 propos de nous Coup d\u2019\u0153il : \u00c0 propos de SEEnet T\u00c9L\u00c9CHARGER Un r\u00e9sum\u00e9 de la mission et du travail de SEEnet T\u00c9L\u00c9CHARGER Ressources vid\u00e9o \u00c9COUTER Logos, mat\u00e9riel promotionnel et guide d\u2019utilisation et de normes graphiques T\u00c9L\u00c9CHARGER Archive m\u00e9diatique VOIR PLUS Le Qu\u00e9bec est <a href=\"https:\/\/see-net.ca\/fr\/ensemble-media\/\" class=\"more-link\">&#8230;<\/a><\/p>\n","protected":false},"author":10,"featured_media":0,"parent":0,"menu_order":0,"comment_status":"closed","ping_status":"closed","template":"","meta":{"_monsterinsights_skip_tracking":false,"_monsterinsights_sitenote_active":false,"_monsterinsights_sitenote_note":"","_monsterinsights_sitenote_category":0,"episode_type":"","audio_file":"","podmotor_file_id":"","podmotor_episode_id":"","cover_image":"","cover_image_id":"","duration":"","filesize":"","filesize_raw":"","date_recorded":"","explicit":"","block":"","itunes_episode_number":"","itunes_title":"","itunes_season_number":"","itunes_episode_type":"","footnotes":""},"class_list":["post-4078","page","type-page","status-publish","hentry"],"_links":{"self":[{"href":"https:\/\/see-net.ca\/fr\/wp-json\/wp\/v2\/pages\/4078","targetHints":{"allow":["GET"]}}],"collection":[{"href":"https:\/\/see-net.ca\/fr\/wp-json\/wp\/v2\/pages"}],"about":[{"href":"https:\/\/see-net.ca\/fr\/wp-json\/wp\/v2\/types\/page"}],"author":[{"embeddable":true,"href":"https:\/\/see-net.ca\/fr\/wp-json\/wp\/v2\/users\/10"}],"replies":[{"embeddable":true,"href":"https:\/\/see-net.ca\/fr\/wp-json\/wp\/v2\/comments?post=4078"}],"version-history":[{"count":45,"href":"https:\/\/see-net.ca\/fr\/wp-json\/wp\/v2\/pages\/4078\/revisions"}],"predecessor-version":[{"id":8643,"href":"https:\/\/see-net.ca\/fr\/wp-json\/wp\/v2\/pages\/4078\/revisions\/8643"}],"wp:attachment":[{"href":"https:\/\/see-net.ca\/fr\/wp-json\/wp\/v2\/media?parent=4078"}],"curies":[{"name":"wp","href":"https:\/\/api.w.org\/{rel}","templated":true}]}}