{"id":7977,"date":"2025-06-10T13:27:25","date_gmt":"2025-06-10T17:27:25","guid":{"rendered":"https:\/\/see-net.ca\/?page_id=7977"},"modified":"2025-11-26T16:43:08","modified_gmt":"2025-11-26T21:43:08","slug":"microsubvention-pour-lamelioration-des-services","status":"publish","type":"page","link":"https:\/\/see-net.ca\/fr\/services\/microsubvention-pour-lamelioration-des-services\/","title":{"rendered":"Microsubvention pour l&rsquo;am\u00e9lioration des services"},"content":{"rendered":"\t\t<div data-elementor-type=\"wp-page\" data-elementor-id=\"7977\" class=\"elementor elementor-7977 elementor-7976\" data-elementor-post-type=\"page\">\n\t\t\t\t<div class=\"elementor-element elementor-element-2531cdd e-con-full e-flex e-con e-parent\" data-id=\"2531cdd\" data-element_type=\"container\" data-e-type=\"container\">\n\t\t\t\t<div class=\"elementor-element elementor-element-c402def elementor--h-position-left elementor--v-position-middle elementor-arrows-position-inside elementor-pagination-position-inside elementor-widget elementor-widget-slides\" data-id=\"c402def\" data-element_type=\"widget\" data-e-type=\"widget\" data-settings=\"{&quot;transition&quot;:&quot;fade&quot;,&quot;transition_speed&quot;:1000,&quot;navigation&quot;:&quot;both&quot;,&quot;autoplay&quot;:&quot;yes&quot;,&quot;autoplay_speed&quot;:5000,&quot;infinite&quot;:&quot;yes&quot;}\" data-widget_type=\"slides.default\">\n\t\t\t\t<div class=\"elementor-widget-container\">\n\t\t\t\t\t\t\t\t\t<div class=\"elementor-swiper\">\n\t\t\t\t\t<div class=\"elementor-slides-wrapper elementor-main-swiper swiper\" role=\"region\" aria-roledescription=\"carousel\" aria-label=\"Slides\" dir=\"ltr\" data-animation=\"fadeInUp\">\n\t\t\t\t<div class=\"swiper-wrapper elementor-slides\">\n\t\t\t\t\t\t\t\t\t\t<div class=\"elementor-repeater-item-78bc41a swiper-slide\" role=\"group\" aria-roledescription=\"slide\"><div class=\"swiper-slide-bg\" role=\"img\" aria-label=\"christiann-koepke-dQyS2pMYtok-unsplash_header\"><\/div><div class=\"elementor-background-overlay\"><\/div><div class=\"swiper-slide-inner\" ><div class=\"swiper-slide-contents\"><div class=\"elementor-slide-heading\">MICRO-SUBVENTION POUR L'AM\u00c9LIORATION DES SERVICES<\/div><\/div><\/div><\/div>\t\t\t\t<\/div>\n\t\t\t\t\t\t\t<\/div>\n\t\t\t\t<\/div>\n\t\t\t\t\t\t\t\t<\/div>\n\t\t\t\t<\/div>\n\t\t\t\t<\/div>\n\t\t<div class=\"elementor-element elementor-element-037ac9c e-flex e-con-boxed e-con e-parent\" data-id=\"037ac9c\" data-element_type=\"container\" data-e-type=\"container\">\n\t\t\t\t\t<div class=\"e-con-inner\">\n\t\t\t\t\t<\/div>\n\t\t\t\t<\/div>\n\t\t<div class=\"elementor-element elementor-element-b3f8096 e-flex e-con-boxed e-con e-parent\" data-id=\"b3f8096\" data-element_type=\"container\" data-e-type=\"container\">\n\t\t\t\t\t<div class=\"e-con-inner\">\n\t\t<div class=\"elementor-element elementor-element-f4fc29b e-con-full e-flex e-con e-child\" data-id=\"f4fc29b\" data-element_type=\"container\" data-e-type=\"container\">\n\t\t\t\t<div class=\"elementor-element elementor-element-a592eb1 elementor-widget elementor-widget-heading\" data-id=\"a592eb1\" data-element_type=\"widget\" data-e-type=\"widget\" data-widget_type=\"heading.default\">\n\t\t\t\t<div class=\"elementor-widget-container\">\n\t\t\t\t\t<h2 class=\"elementor-heading-title elementor-size-default\">MICRO-SUBVENTION POUR L'AM\u00c9LIORATION DES SERVICES \u00c0 LA CLIENT\u00c8LE D'EXPRESSION ANGLAISE<\/h2>\t\t\t\t<\/div>\n\t\t\t\t<\/div>\n\t\t\t\t<div class=\"elementor-element elementor-element-326c63f elementor-widget elementor-widget-text-editor\" data-id=\"326c63f\" data-element_type=\"widget\" data-e-type=\"widget\" data-widget_type=\"text-editor.default\">\n\t\t\t\t<div class=\"elementor-widget-container\">\n\t\t\t\t\t\t\t\t\t<h2>Vue de l&rsquo;ensemble<\/h2><p><span style=\"font-weight: 400;\">Ce programme de micro-subventions offre un soutien financier pouvant aller jusqu\u2019\u00e0 1 000 $ aux entreprises d\u2019\u00e9conomie sociale bas\u00e9es dans la province de Qu\u00e9bec qui cherchent \u00e0 am\u00e9liorer ou \u00e0 \u00e9tendre leurs services aux r\u00e9sident\u00b7es ou aux visiteur\u00b7euses d\u2019expression anglaise. L\u2019objectif est de promouvoir l\u2019accessibilit\u00e9 et l\u2019inclusion des Qu\u00e9b\u00e9cois\u00b7es d\u2019expression anglaise en soutenant des initiatives pratiques qui facilitent la communication et l\u2019engagement.<\/span><\/p><h2>Crit\u00e8res d&rsquo;\u00e9ligibilit\u00e9<\/h2><p>Pour \u00eatre admissibles au financement, les demandeur\u00b7euses doivent r\u00e9pondre aux crit\u00e8res suivants :<\/p><ul><li>\u00catre une entreprise d&rsquo;\u00e9conomie sociale enregistr\u00e9e (par exemple, une coop\u00e9rative, un organisme sans but lucratif ou une entreprise solidaire) bas\u00e9e et op\u00e9rant dans la province de Qu\u00e9bec.<\/li><li>D\u00e9montrer une intention de servir une client\u00e8le d\u2019expression anglaise, qu\u2019il s&rsquo;agisse de r\u00e9sident\u00b7es du Qu\u00e9bec ou de touristes.<\/li><li>Soumettre un projet sp\u00e9cifique et r\u00e9alisable qui s\u2019aligne sur les activit\u00e9s admissibles \u00e9num\u00e9r\u00e9es ci-dessous.<\/li><li>Accepter de r\u00e9aliser le projet dans les trois mois suivant la r\u00e9ception des fonds.<\/li><\/ul><h2>Exemples de projets admissibles<\/h2><p>Les projets admissibles doivent am\u00e9liorer directement les services offerts \u00e0 la client\u00e8le d\u2019expression d\u2019anglaise. En voici quelques exemples :<\/p><ul><li>Ajout d\u2019une signalisation bilingue ou en anglais dans votre espace physique.<\/li><li>Conception et impression d\u2019une version anglaise d\u2019une brochure ou d\u2019un menu.<\/li><li>Cr\u00e9ation ou traduction en anglais de capsules web ou de vid\u00e9os promotionnelles.<\/li><li>\u00c9laboration d&rsquo;une visite guid\u00e9e en anglais (audio, vid\u00e9o ou en personne).<\/li><li>Proposition de cours d\u2019anglais aux membres du personnel en contact avec la client\u00e8le.<\/li><li>Cr\u00e9ation de documents bilingues \u00e0 des fins de sensibilisation, d\u2019\u00e9v\u00e9nements ou d\u2019\u00e9ducation.<\/li><li>Offre de services d\u2019interpr\u00e9tation en direct lors d\u2019une conf\u00e9rence ou d\u2019un \u00e9v\u00e9nement.<\/li><\/ul><p>Il incombe au demandeur ou \u00e0 la demandeuse de s\u2019assurer que le projet propos\u00e9 est conforme aux lois linguistiques f\u00e9d\u00e9rales et provinciales.<\/p><p>\u00c0 noter : cette liste n\u2019est pas exhaustive. Les projets cr\u00e9atifs conformes aux objectifs du programme seront \u00e9galement pris en consid\u00e9ration.<\/p><h2>Projets non admissibles<\/h2><p>La subvention n\u2019est pas destin\u00e9e aux entreprises d\u2019\u00e9conomie sociale qui fonctionnent d\u00e9j\u00e0 principalement au profit des personnes d\u2019expression anglaise (une organisation th\u00e9\u00e2trale d\u2019expression anglaise \u00e0 but non lucratif, par exemple).<\/p><h2>D\u00e9penses non \u00e9ligibles<\/h2><p>Les fonds ne peuvent pas \u00eatre utilis\u00e9s pour :<\/p><ul><li>Les salaires ou les d\u00e9penses op\u00e9rationnelles courantes<\/li><li>Les projets ne b\u00e9n\u00e9ficiant pas directement aux r\u00e9sident\u00b7es d\u2019expression anglaise ou aux visiteur\u00b7euses du Qu\u00e9bec<\/li><li>Les projets b\u00e9n\u00e9ficiant exclusivement aux membres des Premi\u00e8res nations d\u2019expression anglaise du Qu\u00e9bec ou aux immigrant\u00b7es d\u2019expression anglaise (arriv\u00e9\u00b7es au Qu\u00e9bec depuis moins de deux ans).<\/li><li>Les achats d\u2019\u00e9quipement qui ne sont pas directement li\u00e9s \u00e0 l\u2019initiative propos\u00e9e<\/li><li>Les projets qui ne servent que des fonctions internes ou administratives.<\/li><\/ul><h2>Montant du financement<\/h2><ul><li>Le financement maximal par projet est de 1 000 $.<\/li><li>Les subventions peuvent couvrir jusqu&rsquo;\u00e0 100 % des co\u00fbts admissibles du projet.<\/li><li>Un budget d\u00e9taill\u00e9 doit \u00eatre joint \u00e0 la demande.<\/li><\/ul><h2><a href=\"https:\/\/see-net.ca\/fr\/services\/micro-subvention-pour-lamelioration-des-services\/\">Comment poser sa candidature<\/a><\/h2><p><strong>Date limite<\/strong><\/p><p>Les candidatures seront accept\u00e9es au fur et \u00e0 mesure jusqu\u2019\u00e0 \u00e9puisement des fonds.<\/p><p><strong>Documents \u00e0 fournir<\/strong><\/p><p>Les candidat\u00b7es doivent soumettre :<\/p><ul><li>Un <a href=\"https:\/\/see-net.ca\/fr\/services\/micro-subvention-pour-lamelioration-des-services\/\">formulaire de demande<\/a> d\u00fbment rempli<\/li><li>Une br\u00e8ve proposition de projet (max. 2 pages) comprenant :<ul><li>Une description du projet<\/li><li>R\u00e9sultats et public vis\u00e9s<\/li><li>Un \u00e9ch\u00e9ancier<\/li><\/ul><\/li><li>Un budget d\u00e9taill\u00e9 (y compris les devis, le cas \u00e9ch\u00e9ant)<\/li><li>Une preuve de statut juridique et d\u2019activit\u00e9 au Qu\u00e9bec<\/li><\/ul><h2>Crit\u00e8res d\u2019\u00e9valuation<\/h2><p>Les demandes seront \u00e9valu\u00e9es en fonction des crit\u00e8res suivants :<\/p><ul><li>Pertinence : La mesure dans laquelle le projet r\u00e9pond aux besoins de la client\u00e8le d\u2019expression anglaise.<\/li><li>Faisabilit\u00e9 : Clart\u00e9 du plan du projet et probabilit\u00e9 du r\u00e9ussite<\/li><li>Impact : Port\u00e9e et avantages escompt\u00e9s pour les personnes d\u2019expression anglaise<\/li><li>Rentabilit\u00e9 : Valeur fournie pour le montant demand\u00e9<\/li><\/ul><h2>Exigences en mati\u00e8re de rapports<\/h2><p>Les b\u00e9n\u00e9ficiaires doivent soumettre un rapport final succinct dans les 30 jours suivant l\u2019ach\u00e8vement du projet :<\/p><ul><li>Un r\u00e9sum\u00e9 des activit\u00e9s r\u00e9alis\u00e9es<\/li><li>Des photos ou des \u00e9chantillons num\u00e9riques (le cas \u00e9ch\u00e9ant)<\/li><li>Une br\u00e8ve r\u00e9flexion sur les r\u00e9sultats et l\u2019impact du projet<\/li><\/ul>\t\t\t\t\t\t\t\t<\/div>\n\t\t\t\t<\/div>\n\t\t\t\t<div class=\"elementor-element elementor-element-77b8564 elementor-widget elementor-widget-button\" data-id=\"77b8564\" data-element_type=\"widget\" data-e-type=\"widget\" data-widget_type=\"button.default\">\n\t\t\t\t<div class=\"elementor-widget-container\">\n\t\t\t\t\t\t\t\t\t<div class=\"elementor-button-wrapper\">\n\t\t\t\t\t<a class=\"elementor-button elementor-button-link elementor-size-sm\" href=\"https:\/\/see-net.ca\/fr\/services\/micro-subvention-pour-lamelioration-des-services\/\">\n\t\t\t\t\t\t<span class=\"elementor-button-content-wrapper\">\n\t\t\t\t\t\t\t\t\t<span class=\"elementor-button-text\">POSEZ VOTRE CANDIDATURE<\/span>\n\t\t\t\t\t<\/span>\n\t\t\t\t\t<\/a>\n\t\t\t\t<\/div>\n\t\t\t\t\t\t\t\t<\/div>\n\t\t\t\t<\/div>\n\t\t\t\t<div class=\"elementor-element elementor-element-087780f elementor-widget elementor-widget-text-editor\" data-id=\"087780f\" data-element_type=\"widget\" data-e-type=\"widget\" data-widget_type=\"text-editor.default\">\n\t\t\t\t<div class=\"elementor-widget-container\">\n\t\t\t\t\t\t\t\t\t<h2>Vous avez des questions ?<\/h2><p>Contactez Hoffman Wolff, responsable de l\u2019\u00e9conomie sociale \u00e0 SEEnet, au 418 684-8810 x106 ou \u00e0 hoffman@regdevnet.ca.<\/p><h2>Accessibilit\u00e9<\/h2><p>Si vous avez besoin d&rsquo;aide pour remplir le formulaire de candidature ou si vous avez besoin de documents dans un autre format, veuillez nous contacter. Nous nous engageons \u00e0 soutenir la diversit\u00e9 des candidats et \u00e0 assurer un acc\u00e8s \u00e9quitable \u00e0 cette opportunit\u00e9.<\/p><p>\u00a0<\/p>\t\t\t\t\t\t\t\t<\/div>\n\t\t\t\t<\/div>\n\t\t\t\t<div class=\"elementor-element elementor-element-502a487 elementor-widget elementor-widget-spacer\" data-id=\"502a487\" data-element_type=\"widget\" data-e-type=\"widget\" data-widget_type=\"spacer.default\">\n\t\t\t\t<div class=\"elementor-widget-container\">\n\t\t\t\t\t\t\t<div class=\"elementor-spacer\">\n\t\t\t<div class=\"elementor-spacer-inner\"><\/div>\n\t\t<\/div>\n\t\t\t\t\t\t<\/div>\n\t\t\t\t<\/div>\n\t\t\t\t<div class=\"elementor-element elementor-element-9fb8691 elementor-widget elementor-widget-text-editor\" data-id=\"9fb8691\" data-element_type=\"widget\" data-e-type=\"widget\" data-widget_type=\"text-editor.default\">\n\t\t\t\t<div class=\"elementor-widget-container\">\n\t\t\t\t\t\t\t\t\t<p>Ce projet a \u00e9t\u00e9 rendu possible gr\u00e2ce au <a href=\"https:\/\/www.quebec.ca\/gouvernement\/ministeres-organismes\/srqea\" target=\"_blank\" rel=\"noopener\">Secr\u00e9tariat aux relations avec les <\/a><a href=\"https:\/\/www.quebec.ca\/en\/government\/departments-and-agencies\/srqea\" target=\"_blank\" rel=\"noopener\">Qu\u00e9b\u00e9cois d\u2019expression anglaise<\/a>.<\/p>\t\t\t\t\t\t\t\t<\/div>\n\t\t\t\t<\/div>\n\t\t\t\t<\/div>\n\t\t\t\t\t<\/div>\n\t\t\t\t<\/div>\n\t\t<div class=\"elementor-element elementor-element-5ccfcd2 e-con-full e-flex e-con e-parent\" data-id=\"5ccfcd2\" data-element_type=\"container\" data-e-type=\"container\" data-settings=\"{&quot;background_background&quot;:&quot;classic&quot;}\">\n\t\t<div class=\"elementor-element elementor-element-726e7d3 e-con-full e-flex e-con e-child\" data-id=\"726e7d3\" data-element_type=\"container\" data-e-type=\"container\">\n\t\t<div class=\"elementor-element elementor-element-39c314c e-con-full e-flex e-con e-child\" data-id=\"39c314c\" data-element_type=\"container\" data-e-type=\"container\" data-settings=\"{&quot;background_background&quot;:&quot;classic&quot;}\">\n\t\t\t\t<div class=\"elementor-element elementor-element-99a3cb3 elementor-view-default elementor-position-block-start elementor-mobile-position-block-start elementor-widget elementor-widget-icon-box\" data-id=\"99a3cb3\" data-element_type=\"widget\" data-e-type=\"widget\" data-widget_type=\"icon-box.default\">\n\t\t\t\t<div class=\"elementor-widget-container\">\n\t\t\t\t\t\t\t<div class=\"elementor-icon-box-wrapper\">\n\n\t\t\t\t\t\t<div class=\"elementor-icon-box-icon\">\n\t\t\t\t<span  class=\"elementor-icon\">\n\t\t\t\t<svg aria-hidden=\"true\" class=\"e-font-icon-svg e-fas-video\" viewBox=\"0 0 576 512\" xmlns=\"http:\/\/www.w3.org\/2000\/svg\"><path d=\"M336.2 64H47.8C21.4 64 0 85.4 0 111.8v288.4C0 426.6 21.4 448 47.8 448h288.4c26.4 0 47.8-21.4 47.8-47.8V111.8c0-26.4-21.4-47.8-47.8-47.8zm189.4 37.7L416 177.3v157.4l109.6 75.5c21.2 14.6 50.4-.3 50.4-25.8V127.5c0-25.4-29.1-40.4-50.4-25.8z\"><\/path><\/svg>\t\t\t\t<\/span>\n\t\t\t<\/div>\n\t\t\t\n\t\t\t\t\t\t<div class=\"elementor-icon-box-content\">\n\n\t\t\t\t\t\t\t\t\t<h3 class=\"elementor-icon-box-title\">\n\t\t\t\t\t\t<span  >\n\t\t\t\t\t\t\tVOUS SOUHAITEZ EN SAVOIR PLUS SUR L'\u00c9CONOMIE SOCIALE ?\t\t\t\t\t\t<\/span>\n\t\t\t\t\t<\/h3>\n\t\t\t\t\n\t\t\t\t\t\t\t\t\t<p class=\"elementor-icon-box-description\">\n\t\t\t\t\t\tConsultez notre s\u00e9rie de balados et de vid\u00e9os pour d\u00e9couvrir ce qu'est l'\u00e9conomie sociale et voir des exemples d'entreprises de l'\u00e9conomie sociale. \t\t\t\t\t<\/p>\n\t\t\t\t\n\t\t\t<\/div>\n\t\t\t\n\t\t<\/div>\n\t\t\t\t\t\t<\/div>\n\t\t\t\t<\/div>\n\t\t\t\t<div class=\"elementor-element elementor-element-b5278f2 elementor-align-center elementor-widget elementor-widget-button\" data-id=\"b5278f2\" data-element_type=\"widget\" data-e-type=\"widget\" data-widget_type=\"button.default\">\n\t\t\t\t<div class=\"elementor-widget-container\">\n\t\t\t\t\t\t\t\t\t<div class=\"elementor-button-wrapper\">\n\t\t\t\t\t<a class=\"elementor-button elementor-button-link elementor-size-xl\" href=\"https:\/\/see-net.ca\/fr\/ressources\/\" target=\"_blank\">\n\t\t\t\t\t\t<span class=\"elementor-button-content-wrapper\">\n\t\t\t\t\t\t\t\t\t<span class=\"elementor-button-text\">VOIR LES VID\u00c9OS ET LES BALADOS<\/span>\n\t\t\t\t\t<\/span>\n\t\t\t\t\t<\/a>\n\t\t\t\t<\/div>\n\t\t\t\t\t\t\t\t<\/div>\n\t\t\t\t<\/div>\n\t\t\t\t<\/div>\n\t\t\t\t<\/div>\n\t\t\t\t<\/div>\n\t\t\t\t<\/div>\n\t\t","protected":false},"excerpt":{"rendered":"<p>MICRO-SUBVENTION POUR L&rsquo;AM\u00c9LIORATION DES SERVICES MICRO-SUBVENTION POUR L&rsquo;AM\u00c9LIORATION DES SERVICES \u00c0 LA CLIENT\u00c8LE D&rsquo;EXPRESSION ANGLAISE Vue de l&rsquo;ensemble Ce programme de micro-subventions offre un soutien financier pouvant aller jusqu\u2019\u00e0 1 000 $ aux entreprises d\u2019\u00e9conomie sociale bas\u00e9es dans la province de Qu\u00e9bec qui cherchent \u00e0 am\u00e9liorer ou \u00e0 \u00e9tendre leurs services aux r\u00e9sident\u00b7es ou aux <a href=\"https:\/\/see-net.ca\/fr\/services\/microsubvention-pour-lamelioration-des-services\/\" class=\"more-link\">&#8230;<\/a><\/p>\n","protected":false},"author":10,"featured_media":0,"parent":4030,"menu_order":0,"comment_status":"closed","ping_status":"closed","template":"","meta":{"_monsterinsights_skip_tracking":false,"_monsterinsights_sitenote_active":false,"_monsterinsights_sitenote_note":"","_monsterinsights_sitenote_category":0,"episode_type":"","audio_file":"","podmotor_file_id":"","podmotor_episode_id":"","cover_image":"","cover_image_id":"","duration":"","filesize":"","filesize_raw":"","date_recorded":"","explicit":"","block":"","itunes_episode_number":"","itunes_title":"","itunes_season_number":"","itunes_episode_type":"","footnotes":""},"class_list":["post-7977","page","type-page","status-publish","hentry"],"_links":{"self":[{"href":"https:\/\/see-net.ca\/fr\/wp-json\/wp\/v2\/pages\/7977","targetHints":{"allow":["GET"]}}],"collection":[{"href":"https:\/\/see-net.ca\/fr\/wp-json\/wp\/v2\/pages"}],"about":[{"href":"https:\/\/see-net.ca\/fr\/wp-json\/wp\/v2\/types\/page"}],"author":[{"embeddable":true,"href":"https:\/\/see-net.ca\/fr\/wp-json\/wp\/v2\/users\/10"}],"replies":[{"embeddable":true,"href":"https:\/\/see-net.ca\/fr\/wp-json\/wp\/v2\/comments?post=7977"}],"version-history":[{"count":45,"href":"https:\/\/see-net.ca\/fr\/wp-json\/wp\/v2\/pages\/7977\/revisions"}],"predecessor-version":[{"id":8718,"href":"https:\/\/see-net.ca\/fr\/wp-json\/wp\/v2\/pages\/7977\/revisions\/8718"}],"up":[{"embeddable":true,"href":"https:\/\/see-net.ca\/fr\/wp-json\/wp\/v2\/pages\/4030"}],"wp:attachment":[{"href":"https:\/\/see-net.ca\/fr\/wp-json\/wp\/v2\/media?parent=7977"}],"curies":[{"name":"wp","href":"https:\/\/api.w.org\/{rel}","templated":true}]}}